{"id":13365,"date":"2023-06-26T15:55:05","date_gmt":"2023-06-26T15:55:05","guid":{"rendered":"https:\/\/modale.com\/product\/dolce-gabbana-casa-ortensia-3-seater-sofa\/"},"modified":"2023-08-10T10:43:45","modified_gmt":"2023-08-10T10:43:45","slug":"dolce-gabbana-casa-ortensia-3-seater-sofa","status":"publish","type":"product","link":"https:\/\/modale.com\/vi\/product\/dolce-gabbana-casa-ortensia-3-seater-sofa\/","title":{"rendered":"<strong>DOLCE &#038; GABBANA CASA <\/strong><br> GH\u1ebe SOFA ORTENSIA 3 CH\u1ed6 NG\u1ed2I"},"content":{"rendered":"<p>GH\u1ebe SOFA ORTENSIA C\u1ee6A DOLCE&#038;GABBANA MANG NH\u1eeeNG H\u00ccNH D\u1ea0NG G\u1ea6N G\u0168I C\u00d9NG PH\u1ea6N KHUNG VU\u00d4NG C\u01a0 B\u1ea2N, D\u1ec4 D\u00c0NG MIX&#038;MATCH V\u1edaI B\u1ea4T K\u00cc N\u1ed8I TH\u1ea4T N\u00c0O TRONG KH\u00d4NG GIAN. \u0110\u01af\u1ee2C D\u1ec6T TR\u00caN M\u00c1Y JACQUARD, CH\u1ea4T LI\u1ec6U V\u1ea2I BROCADE TR\u00caN T\u00c1C PH\u1ea8M N\u1ed8I TH\u1ea4T N\u00c0Y MANG H\u1eccA TI\u1ebeT \u0110\u1eb6C TR\u01afNG, T\u1ea0O \u0110I\u1ec2M NH\u1ea4N CHO CH\u1ee6 \u0110\u1ec0 \u0110\u1ed2 H\u1eccA PH\u00d9 H\u1ee2P V\u1edaI T\u1eeaNG B\u1ed8 PH\u1eacN B\u1eccC GH\u1ebe. \u0110\u1ed2NG NGH\u0128A V\u1edaI SANG TR\u1eccNG V\u01af\u1ee2T TH\u1edcI GIAN, BROCADE L\u00c0 LO\u1ea0I V\u1ea2I B\u1ec0N, S\u00c1NG V\u00c0 XA HOA.<\/p>\n","protected":false},"excerpt":{"rendered":"<p>GH\u1ebe SOFA ORTENSIA C\u1ee6A DOLCE&#038;GABBANA MANG NH\u1eeeNG H\u00ccNH D\u1ea0NG G\u1ea6N G\u0168I C\u00d9NG PH\u1ea6N KHUNG VU\u00d4NG C\u01a0 B\u1ea2N, D\u1ec4 D\u00c0NG MIX&#038;MATCH V\u1edaI B\u1ea4T K\u00cc N\u1ed8I TH\u1ea4T N\u00c0O TRONG KH\u00d4NG GIAN. \u0110\u01af\u1ee2C D\u1ec6T TR\u00caN M\u00c1Y JACQUARD, CH\u1ea4T LI\u1ec6U V\u1ea2I BROCADE TR\u00caN T\u00c1C PH\u1ea8M N\u1ed8I TH\u1ea4T N\u00c0Y MANG H\u1eccA TI\u1ebeT \u0110\u1eb6C TR\u01afNG, T\u1ea0O \u0110I\u1ec2M NH\u1ea4N CHO CH\u1ee6 \u0110\u1ec0 [&hellip;]<\/p>\n","protected":false},"featured_media":12955,"template":"","meta":[],"product_cat":[747],"product_tag":[703],"origin":[770],"designers":[],"collection":[],"brands":[757],"class_list":{"0":"post-13365","1":"product","2":"type-product","3":"status-publish","4":"has-post-thumbnail","6":"product_cat-sofas-vi","7":"product_tag-living-vi-2","8":"origin-european","9":"brands-dolce-gabbana","11":"first","12":"instock","13":"shipping-taxable","14":"purchasable","15":"product-type-simple"},"_links":{"self":[{"href":"https:\/\/modale.com\/vi\/wp-json\/wp\/v2\/product\/13365","targetHints":{"allow":["GET"]}}],"collection":[{"href":"https:\/\/modale.com\/vi\/wp-json\/wp\/v2\/product"}],"about":[{"href":"https:\/\/modale.com\/vi\/wp-json\/wp\/v2\/types\/product"}],"wp:featuredmedia":[{"embeddable":true,"href":"https:\/\/modale.com\/vi\/wp-json\/wp\/v2\/media\/12955"}],"wp:attachment":[{"href":"https:\/\/modale.com\/vi\/wp-json\/wp\/v2\/media?parent=13365"}],"wp:term":[{"taxonomy":"product_cat","embeddable":true,"href":"https:\/\/modale.com\/vi\/wp-json\/wp\/v2\/product_cat?post=13365"},{"taxonomy":"product_tag","embeddable":true,"href":"https:\/\/modale.com\/vi\/wp-json\/wp\/v2\/product_tag?post=13365"},{"taxonomy":"origin","embeddable":true,"href":"https:\/\/modale.com\/vi\/wp-json\/wp\/v2\/origin?post=13365"},{"taxonomy":"designers","embeddable":true,"href":"https:\/\/modale.com\/vi\/wp-json\/wp\/v2\/designers?post=13365"},{"taxonomy":"collection","embeddable":true,"href":"https:\/\/modale.com\/vi\/wp-json\/wp\/v2\/collection?post=13365"},{"taxonomy":"brands","embeddable":true,"href":"https:\/\/modale.com\/vi\/wp-json\/wp\/v2\/brands?post=13365"}],"curies":[{"name":"wp","href":"https:\/\/api.w.org\/{rel}","templated":true}]}}