{"id":13375,"date":"2023-06-26T15:56:39","date_gmt":"2023-06-26T15:56:39","guid":{"rendered":"https:\/\/modale.com\/product\/dolce-gabbana-casa-agamennone-cabinet\/"},"modified":"2023-08-10T10:43:48","modified_gmt":"2023-08-10T10:43:48","slug":"dolce-gabbana-casa-agamennone-cabinet","status":"publish","type":"product","link":"https:\/\/modale.com\/vi\/product\/dolce-gabbana-casa-agamennone-cabinet\/","title":{"rendered":"<strong>DOLCE &#038; GABBANA CASA <\/strong><br> T\u1ee6 AGAMENNONE"},"content":{"rendered":"<p>V\u1edaI C\u00c1C \u0110\u01af\u1edcNG N\u00c9T R\u00d5 R\u00c0NG MANG L\u1ea0I M\u1ed8T L\u1edaP N\u1ec0N HO\u00c0N H\u1ea2O \u0110\u1eb6C TR\u01afNG H\u1eccA TI\u1ebeT TRANG TR\u00cd T\u1eea B\u1ed8 S\u01afU T\u1eacP C\u1ee6A N\u00d3, T\u1ee6 AGAMENNONE C\u1ee6A DOLCE&#038;GABBANA \u0110\u01af\u1ee2C THI\u1ebeT K\u1ebe V\u00c0 S\u1eaeP X\u1ebeP C\u00c1C NG\u0102N T\u1ee6 M\u1ed8T C\u00c1CH H\u1eeeU \u00cdCH D\u1ec4 D\u00c0NG S\u1eec D\u1ee4NG.<\/p>\n","protected":false},"excerpt":{"rendered":"<p>V\u1edaI C\u00c1C \u0110\u01af\u1edcNG N\u00c9T R\u00d5 R\u00c0NG MANG L\u1ea0I M\u1ed8T L\u1edaP N\u1ec0N HO\u00c0N H\u1ea2O \u0110\u1eb6C TR\u01afNG H\u1eccA TI\u1ebeT TRANG TR\u00cd T\u1eea B\u1ed8 S\u01afU T\u1eacP C\u1ee6A N\u00d3, T\u1ee6 AGAMENNONE C\u1ee6A DOLCE&#038;GABBANA \u0110\u01af\u1ee2C THI\u1ebeT K\u1ebe V\u00c0 S\u1eaeP X\u1ebeP C\u00c1C NG\u0102N T\u1ee6 M\u1ed8T C\u00c1CH H\u1eeeU \u00cdCH D\u1ec4 D\u00c0NG S\u1eec D\u1ee4NG.<\/p>\n","protected":false},"featured_media":13059,"template":"","meta":[],"product_cat":[729],"product_tag":[703],"origin":[770],"designers":[],"collection":[],"brands":[757],"class_list":{"0":"post-13375","1":"product","2":"type-product","3":"status-publish","4":"has-post-thumbnail","6":"product_cat-cabinets-vi","7":"product_tag-living-vi-2","8":"origin-european","9":"brands-dolce-gabbana","11":"first","12":"instock","13":"shipping-taxable","14":"purchasable","15":"product-type-simple"},"_links":{"self":[{"href":"https:\/\/modale.com\/vi\/wp-json\/wp\/v2\/product\/13375","targetHints":{"allow":["GET"]}}],"collection":[{"href":"https:\/\/modale.com\/vi\/wp-json\/wp\/v2\/product"}],"about":[{"href":"https:\/\/modale.com\/vi\/wp-json\/wp\/v2\/types\/product"}],"wp:featuredmedia":[{"embeddable":true,"href":"https:\/\/modale.com\/vi\/wp-json\/wp\/v2\/media\/13059"}],"wp:attachment":[{"href":"https:\/\/modale.com\/vi\/wp-json\/wp\/v2\/media?parent=13375"}],"wp:term":[{"taxonomy":"product_cat","embeddable":true,"href":"https:\/\/modale.com\/vi\/wp-json\/wp\/v2\/product_cat?post=13375"},{"taxonomy":"product_tag","embeddable":true,"href":"https:\/\/modale.com\/vi\/wp-json\/wp\/v2\/product_tag?post=13375"},{"taxonomy":"origin","embeddable":true,"href":"https:\/\/modale.com\/vi\/wp-json\/wp\/v2\/origin?post=13375"},{"taxonomy":"designers","embeddable":true,"href":"https:\/\/modale.com\/vi\/wp-json\/wp\/v2\/designers?post=13375"},{"taxonomy":"collection","embeddable":true,"href":"https:\/\/modale.com\/vi\/wp-json\/wp\/v2\/collection?post=13375"},{"taxonomy":"brands","embeddable":true,"href":"https:\/\/modale.com\/vi\/wp-json\/wp\/v2\/brands?post=13375"}],"curies":[{"name":"wp","href":"https:\/\/api.w.org\/{rel}","templated":true}]}}