{"id":13382,"date":"2023-06-26T15:57:59","date_gmt":"2023-06-26T15:57:59","guid":{"rendered":"https:\/\/modale.com\/product\/elie-saab-tavolino-dunes-diam-120\/"},"modified":"2023-08-10T10:43:49","modified_gmt":"2023-08-10T10:43:49","slug":"elie-saab-tavolino-dunes-diam-120","status":"publish","type":"product","link":"https:\/\/modale.com\/vi\/product\/elie-saab-tavolino-dunes-diam-120\/","title":{"rendered":"<strong>ELIE SAAB MAISON <\/strong><br>  B\u00c0N CAFE DUNES"},"content":{"rendered":"<p>L\u1ea4Y C\u1ea2M H\u1ee8NG T\u1eea H\u00ccNH D\u1ea0NG H\u00c0I H\u00d2A C\u1ee6A C\u1ed2N C\u00c1T \u1ede SA M\u1ea0C \u1ea2 R\u1eacP, C\u00c1C M\u1ea2NG C\u1ed2N C\u00c1T L\u00c0 M\u1ed8T TRONG NH\u1eeeNG T\u00c1C PH\u1ea8M TUY\u1ec6T V\u1edcI NH\u1ea4T C\u1ee6A B\u1ed8 S\u01afU T\u1eacP ELIE SAAB MAISON. \u0110\u01af\u1ee2C CH\u1ebe T\u00c1C M\u1ed8T C\u00c1CH \u0110I\u00caU LUY\u1ec6N B\u1edeI NH\u1eeeNG TH\u1ee2 TH\u1ee6 C\u00d4NG CAO C\u1ea4P NH\u1ea4T C\u1ee6A \u00dd: C\u00c1C \u0110\u01af\u1edcNG N\u00c9T L\u01af\u1ee2N S\u00d3NG \u0110\u01af\u1ee2C \u0110I\u00caU KH\u1eaeC B\u1eb0NG C\u00c1CH S\u1eec D\u1ee4NG C\u00c1C T\u1ea4M \u0110\u1ed2NG CU\u1ed8N \u0110\u01af\u1ee2C HO\u00c0N THI\u1ec6N V\u1edaI M\u1eb6T TR\u00caN B\u1eb0NG G\u1ed6 QU\u00dd, \u0110\u00c1 HO\u1eb6C \u0110\u00c1 C\u1ea8M TH\u1ea0CH.<\/p>\n","protected":false},"excerpt":{"rendered":"<p>L\u1ea4Y C\u1ea2M H\u1ee8NG T\u1eea H\u00ccNH D\u1ea0NG H\u00c0I H\u00d2A C\u1ee6A C\u1ed2N C\u00c1T \u1ede SA M\u1ea0C \u1ea2 R\u1eacP, C\u00c1C M\u1ea2NG C\u1ed2N C\u00c1T L\u00c0 M\u1ed8T TRONG NH\u1eeeNG T\u00c1C PH\u1ea8M TUY\u1ec6T V\u1edcI NH\u1ea4T C\u1ee6A B\u1ed8 S\u01afU T\u1eacP ELIE SAAB MAISON. \u0110\u01af\u1ee2C CH\u1ebe T\u00c1C M\u1ed8T C\u00c1CH \u0110I\u00caU LUY\u1ec6N B\u1edeI NH\u1eeeNG TH\u1ee2 TH\u1ee6 C\u00d4NG CAO C\u1ea4P NH\u1ea4T C\u1ee6A \u00dd: C\u00c1C \u0110\u01af\u1edcNG [&hellip;]<\/p>\n","protected":false},"featured_media":13108,"template":"","meta":[],"product_cat":[734],"product_tag":[703],"origin":[770],"designers":[],"collection":[],"brands":[756],"class_list":{"0":"post-13382","1":"product","2":"type-product","3":"status-publish","4":"has-post-thumbnail","6":"product_cat-coffee-tables-vi","7":"product_tag-living-vi-2","8":"origin-european","9":"brands-elie-saab","11":"first","12":"instock","13":"shipping-taxable","14":"purchasable","15":"product-type-simple"},"_links":{"self":[{"href":"https:\/\/modale.com\/vi\/wp-json\/wp\/v2\/product\/13382","targetHints":{"allow":["GET"]}}],"collection":[{"href":"https:\/\/modale.com\/vi\/wp-json\/wp\/v2\/product"}],"about":[{"href":"https:\/\/modale.com\/vi\/wp-json\/wp\/v2\/types\/product"}],"wp:featuredmedia":[{"embeddable":true,"href":"https:\/\/modale.com\/vi\/wp-json\/wp\/v2\/media\/13108"}],"wp:attachment":[{"href":"https:\/\/modale.com\/vi\/wp-json\/wp\/v2\/media?parent=13382"}],"wp:term":[{"taxonomy":"product_cat","embeddable":true,"href":"https:\/\/modale.com\/vi\/wp-json\/wp\/v2\/product_cat?post=13382"},{"taxonomy":"product_tag","embeddable":true,"href":"https:\/\/modale.com\/vi\/wp-json\/wp\/v2\/product_tag?post=13382"},{"taxonomy":"origin","embeddable":true,"href":"https:\/\/modale.com\/vi\/wp-json\/wp\/v2\/origin?post=13382"},{"taxonomy":"designers","embeddable":true,"href":"https:\/\/modale.com\/vi\/wp-json\/wp\/v2\/designers?post=13382"},{"taxonomy":"collection","embeddable":true,"href":"https:\/\/modale.com\/vi\/wp-json\/wp\/v2\/collection?post=13382"},{"taxonomy":"brands","embeddable":true,"href":"https:\/\/modale.com\/vi\/wp-json\/wp\/v2\/brands?post=13382"}],"curies":[{"name":"wp","href":"https:\/\/api.w.org\/{rel}","templated":true}]}}