{"id":13383,"date":"2023-06-26T15:58:54","date_gmt":"2023-06-26T15:58:54","guid":{"rendered":"https:\/\/modale.com\/product\/elie-saab-poltrona-kate-struttura-metallo-bronz\/"},"modified":"2023-08-10T10:43:50","modified_gmt":"2023-08-10T10:43:50","slug":"elie-saab-poltrona-kate-struttura-metallo-bronz","status":"publish","type":"product","link":"https:\/\/modale.com\/vi\/product\/elie-saab-poltrona-kate-struttura-metallo-bronz\/","title":{"rendered":"<strong>ELIE SAAB MAISON <\/strong><br> GH\u1ebe B\u00c0NH KATE"},"content":{"rendered":"<p>V\u1edaI D\u00c1NG V\u1eba QUY\u1ebeN R\u0168, THI\u1ebeT K\u1ebe THU H\u00daT C\u1ee6A GH\u1ebe B\u00c0NH KATE T\u00c1I T\u1ea0O S\u1ef0 TINH T\u1ebe \u0110\u01af\u01a0NG \u0110\u1ea0I V\u00c0 S\u1ef0 THANH L\u1ecaCH C\u1ee6A TH\u01af\u01a0NG HI\u1ec6U. C\u1ea4U TR\u00daC V\u1edaI C\u00c1C B\u1ed8 PH\u1eacN M\u1eb6T TR\u01af\u1edaC \u0110\u01af\u1ee2C HO\u00c0N THI\u1ec6N  V\u1edaI KIM LO\u1ea0I M\u1eceNG. B\u1eccC B\u1eb0NG V\u1ea2I HO\u1eb6C DA T\u1ea0O RA M\u1ed8T THI\u1ebeT K\u1ebe \u0110\u1ed8C \u0110\u00c1O TH\u00d4NG QUA TH\u1ee6 C\u00d4NG TUY\u1ec6T V\u1edcI V\u1edaI C\u00c1C \u0110\u01af\u1edcNG MAY TH\u1eb2NG.<\/p>\n","protected":false},"excerpt":{"rendered":"<p>V\u1edaI D\u00c1NG V\u1eba QUY\u1ebeN R\u0168, THI\u1ebeT K\u1ebe THU H\u00daT C\u1ee6A GH\u1ebe B\u00c0NH KATE T\u00c1I T\u1ea0O S\u1ef0 TINH T\u1ebe \u0110\u01af\u01a0NG \u0110\u1ea0I V\u00c0 S\u1ef0 THANH L\u1ecaCH C\u1ee6A TH\u01af\u01a0NG HI\u1ec6U. C\u1ea4U TR\u00daC V\u1edaI C\u00c1C B\u1ed8 PH\u1eacN M\u1eb6T TR\u01af\u1edaC \u0110\u01af\u1ee2C HO\u00c0N THI\u1ec6N V\u1edaI KIM LO\u1ea0I M\u1eceNG. B\u1eccC B\u1eb0NG V\u1ea2I HO\u1eb6C DA T\u1ea0O RA M\u1ed8T THI\u1ebeT K\u1ebe \u0110\u1ed8C \u0110\u00c1O TH\u00d4NG [&hellip;]<\/p>\n","protected":false},"featured_media":13117,"template":"","meta":[],"product_cat":[724],"product_tag":[703],"origin":[770],"designers":[],"collection":[],"brands":[756],"class_list":{"0":"post-13383","1":"product","2":"type-product","3":"status-publish","4":"has-post-thumbnail","6":"product_cat-armchairs-vi","7":"product_tag-living-vi-2","8":"origin-european","9":"brands-elie-saab","11":"first","12":"instock","13":"shipping-taxable","14":"purchasable","15":"product-type-simple"},"_links":{"self":[{"href":"https:\/\/modale.com\/vi\/wp-json\/wp\/v2\/product\/13383","targetHints":{"allow":["GET"]}}],"collection":[{"href":"https:\/\/modale.com\/vi\/wp-json\/wp\/v2\/product"}],"about":[{"href":"https:\/\/modale.com\/vi\/wp-json\/wp\/v2\/types\/product"}],"wp:featuredmedia":[{"embeddable":true,"href":"https:\/\/modale.com\/vi\/wp-json\/wp\/v2\/media\/13117"}],"wp:attachment":[{"href":"https:\/\/modale.com\/vi\/wp-json\/wp\/v2\/media?parent=13383"}],"wp:term":[{"taxonomy":"product_cat","embeddable":true,"href":"https:\/\/modale.com\/vi\/wp-json\/wp\/v2\/product_cat?post=13383"},{"taxonomy":"product_tag","embeddable":true,"href":"https:\/\/modale.com\/vi\/wp-json\/wp\/v2\/product_tag?post=13383"},{"taxonomy":"origin","embeddable":true,"href":"https:\/\/modale.com\/vi\/wp-json\/wp\/v2\/origin?post=13383"},{"taxonomy":"designers","embeddable":true,"href":"https:\/\/modale.com\/vi\/wp-json\/wp\/v2\/designers?post=13383"},{"taxonomy":"collection","embeddable":true,"href":"https:\/\/modale.com\/vi\/wp-json\/wp\/v2\/collection?post=13383"},{"taxonomy":"brands","embeddable":true,"href":"https:\/\/modale.com\/vi\/wp-json\/wp\/v2\/brands?post=13383"}],"curies":[{"name":"wp","href":"https:\/\/api.w.org\/{rel}","templated":true}]}}