{"id":13387,"date":"2023-06-26T16:00:01","date_gmt":"2023-06-26T16:00:01","guid":{"rendered":"https:\/\/modale.com\/product\/elie-saab-mirage-coffee-table-45p-h45\/"},"modified":"2023-08-10T10:43:50","modified_gmt":"2023-08-10T10:43:50","slug":"elie-saab-mirage-coffee-table-45p-h45","status":"publish","type":"product","link":"https:\/\/modale.com\/vi\/product\/elie-saab-mirage-coffee-table-45p-h45\/","title":{"rendered":"<strong>ELIE SAAB MAISON <\/strong><br> B\u00c0N CAFE MIRAGE"},"content":{"rendered":"<p>B\u00c0N MIRAGE \u0110\u01af\u1ee2C S\u00c1NG T\u1ea0O V\u1edaI \u0110\u1ed8 T\u01af\u01a0NG PH\u1ea2N \u00c1NH S\u00c1NG TR\u00caN B\u1ec0 M\u1eb6T. C\u00d3 S\u1eb4N HAI K\u00cdCH TH\u01af\u1edaC KH\u00c1C NHAU TRONG BA S\u1eaeC M\u00c0U KH\u00c1C NHAU V\u1edaI L\u1edaP HO\u00c0N THI\u1ec6N S\u01a0N M\u00c0I V\u00c0 M\u1ed8T PHI\u00caN B\u1ea2N \u0110\u1eb2NG C\u1ea4P \u0110\u01af\u1ee2C KH\u1eaeC T\u1eea ARABESACTO VALGLI, MARQUINIA \u0110EN HO\u1eb6C \u0110\u00c1 TR\u1eaeNG CARRARA.<\/p>\n","protected":false},"excerpt":{"rendered":"<p>B\u00c0N MIRAGE \u0110\u01af\u1ee2C S\u00c1NG T\u1ea0O V\u1edaI \u0110\u1ed8 T\u01af\u01a0NG PH\u1ea2N \u00c1NH S\u00c1NG TR\u00caN B\u1ec0 M\u1eb6T. C\u00d3 S\u1eb4N HAI K\u00cdCH TH\u01af\u1edaC KH\u00c1C NHAU TRONG BA S\u1eaeC M\u00c0U KH\u00c1C NHAU V\u1edaI L\u1edaP HO\u00c0N THI\u1ec6N S\u01a0N M\u00c0I V\u00c0 M\u1ed8T PHI\u00caN B\u1ea2N \u0110\u1eb2NG C\u1ea4P \u0110\u01af\u1ee2C KH\u1eaeC T\u1eea ARABESACTO VALGLI, MARQUINIA \u0110EN HO\u1eb6C \u0110\u00c1 TR\u1eaeNG CARRARA.<\/p>\n","protected":false},"featured_media":13147,"template":"","meta":[],"product_cat":[734],"product_tag":[703],"origin":[770],"designers":[],"collection":[],"brands":[756],"class_list":{"0":"post-13387","1":"product","2":"type-product","3":"status-publish","4":"has-post-thumbnail","6":"product_cat-coffee-tables-vi","7":"product_tag-living-vi-2","8":"origin-european","9":"brands-elie-saab","11":"first","12":"instock","13":"shipping-taxable","14":"purchasable","15":"product-type-simple"},"_links":{"self":[{"href":"https:\/\/modale.com\/vi\/wp-json\/wp\/v2\/product\/13387","targetHints":{"allow":["GET"]}}],"collection":[{"href":"https:\/\/modale.com\/vi\/wp-json\/wp\/v2\/product"}],"about":[{"href":"https:\/\/modale.com\/vi\/wp-json\/wp\/v2\/types\/product"}],"wp:featuredmedia":[{"embeddable":true,"href":"https:\/\/modale.com\/vi\/wp-json\/wp\/v2\/media\/13147"}],"wp:attachment":[{"href":"https:\/\/modale.com\/vi\/wp-json\/wp\/v2\/media?parent=13387"}],"wp:term":[{"taxonomy":"product_cat","embeddable":true,"href":"https:\/\/modale.com\/vi\/wp-json\/wp\/v2\/product_cat?post=13387"},{"taxonomy":"product_tag","embeddable":true,"href":"https:\/\/modale.com\/vi\/wp-json\/wp\/v2\/product_tag?post=13387"},{"taxonomy":"origin","embeddable":true,"href":"https:\/\/modale.com\/vi\/wp-json\/wp\/v2\/origin?post=13387"},{"taxonomy":"designers","embeddable":true,"href":"https:\/\/modale.com\/vi\/wp-json\/wp\/v2\/designers?post=13387"},{"taxonomy":"collection","embeddable":true,"href":"https:\/\/modale.com\/vi\/wp-json\/wp\/v2\/collection?post=13387"},{"taxonomy":"brands","embeddable":true,"href":"https:\/\/modale.com\/vi\/wp-json\/wp\/v2\/brands?post=13387"}],"curies":[{"name":"wp","href":"https:\/\/api.w.org\/{rel}","templated":true}]}}