{"id":13399,"date":"2023-06-26T16:04:36","date_gmt":"2023-06-26T16:04:36","guid":{"rendered":"https:\/\/modale.com\/product\/elie-saab-kate-bed\/"},"modified":"2023-08-10T10:43:53","modified_gmt":"2023-08-10T10:43:53","slug":"elie-saab-kate-bed","status":"publish","type":"product","link":"https:\/\/modale.com\/vi\/product\/elie-saab-kate-bed\/","title":{"rendered":"<strong>ELIE SAAB MAISON <\/strong><br> GI\u01af\u1edcNG KATE"},"content":{"rendered":"<p>V\u1edaI H\u00ccNH D\u1ea0NG H\u00ccNH H\u1eccC \u0110\u1ed8C \u0110\u00c1O V\u00c0 \u0110\u1ea6U GI\u01af\u1edcNG \u00d4M TR\u1eccN, GI\u01af\u1edcNG KATE THU H\u00daT B\u1edeI THI\u1ebeT K\u1ebe TINH X\u1ea2O, T\u1ea0O N\u00caN S\u1ef0 TINH T\u1ebe &#038; THANH L\u1ecaCH \u0110\u01af\u01a0NG \u0110\u1ea0I C\u1ee6A TH\u01af\u01a0NG HI\u1ec6U.<\/p>\n","protected":false},"excerpt":{"rendered":"<p>V\u1edaI H\u00ccNH D\u1ea0NG H\u00ccNH H\u1eccC \u0110\u1ed8C \u0110\u00c1O V\u00c0 \u0110\u1ea6U GI\u01af\u1edcNG \u00d4M TR\u1eccN, GI\u01af\u1edcNG KATE THU H\u00daT B\u1edeI THI\u1ebeT K\u1ebe TINH X\u1ea2O, T\u1ea0O N\u00caN S\u1ef0 TINH T\u1ebe &#038; THANH L\u1ecaCH \u0110\u01af\u01a0NG \u0110\u1ea0I C\u1ee6A TH\u01af\u01a0NG HI\u1ec6U.<\/p>\n","protected":false},"featured_media":13209,"template":"","meta":[],"product_cat":[726],"product_tag":[699],"origin":[770],"designers":[],"collection":[],"brands":[756],"class_list":{"0":"post-13399","1":"product","2":"type-product","3":"status-publish","4":"has-post-thumbnail","6":"product_cat-beds-vi","7":"product_tag-bedroom-vi-2","8":"origin-european","9":"brands-elie-saab","11":"first","12":"instock","13":"shipping-taxable","14":"purchasable","15":"product-type-simple"},"_links":{"self":[{"href":"https:\/\/modale.com\/vi\/wp-json\/wp\/v2\/product\/13399","targetHints":{"allow":["GET"]}}],"collection":[{"href":"https:\/\/modale.com\/vi\/wp-json\/wp\/v2\/product"}],"about":[{"href":"https:\/\/modale.com\/vi\/wp-json\/wp\/v2\/types\/product"}],"wp:featuredmedia":[{"embeddable":true,"href":"https:\/\/modale.com\/vi\/wp-json\/wp\/v2\/media\/13209"}],"wp:attachment":[{"href":"https:\/\/modale.com\/vi\/wp-json\/wp\/v2\/media?parent=13399"}],"wp:term":[{"taxonomy":"product_cat","embeddable":true,"href":"https:\/\/modale.com\/vi\/wp-json\/wp\/v2\/product_cat?post=13399"},{"taxonomy":"product_tag","embeddable":true,"href":"https:\/\/modale.com\/vi\/wp-json\/wp\/v2\/product_tag?post=13399"},{"taxonomy":"origin","embeddable":true,"href":"https:\/\/modale.com\/vi\/wp-json\/wp\/v2\/origin?post=13399"},{"taxonomy":"designers","embeddable":true,"href":"https:\/\/modale.com\/vi\/wp-json\/wp\/v2\/designers?post=13399"},{"taxonomy":"collection","embeddable":true,"href":"https:\/\/modale.com\/vi\/wp-json\/wp\/v2\/collection?post=13399"},{"taxonomy":"brands","embeddable":true,"href":"https:\/\/modale.com\/vi\/wp-json\/wp\/v2\/brands?post=13399"}],"curies":[{"name":"wp","href":"https:\/\/api.w.org\/{rel}","templated":true}]}}