{"id":13409,"date":"2023-06-26T16:07:25","date_gmt":"2023-06-26T16:07:25","guid":{"rendered":"https:\/\/modale.com\/product\/elie-saab-divano-palace-3-posti-105\/"},"modified":"2023-08-10T10:43:56","modified_gmt":"2023-08-10T10:43:56","slug":"elie-saab-divano-palace-3-posti-105","status":"publish","type":"product","link":"https:\/\/modale.com\/vi\/product\/elie-saab-divano-palace-3-posti-105\/","title":{"rendered":"<strong>ELIE SAAB MAISON <\/strong><br> SOFA 3 CH\u1ed6 NG\u1ed2I PALACE"},"content":{"rendered":"<p>\u0110\u01af\u1ee2C TRUY\u1ec0N C\u1ea2M H\u1ee8NG T\u1eea V\u1eba \u0110\u1eb8P KI\u00caU H\u00c3NH C\u1ee6A PHONG C\u00c1CH CUNG \u0110I\u1ec6N TRUNG \u0110\u00d4NG, GH\u1ebe SOFA DIVANO PALACE  V\u1edaI \u0110I\u1ec2M NH\u1ea4N  L\u00c0 TAY V\u1ecaN \u0110\u01af\u1ee2C \u0110I\u00caU KH\u1eaeC TINH X\u1ea2O, T\u1ea0O N\u00caN M\u1ed8T V\u1eba \u0110\u1eb8P \u0110\u1ed8C \u0110\u00c1O V\u00c0 SANG TR\u1eccNG TRONG KH\u00d4NG GIAN S\u1ed0NG. <\/p>\n","protected":false},"excerpt":{"rendered":"<p>\u0110\u01af\u1ee2C TRUY\u1ec0N C\u1ea2M H\u1ee8NG T\u1eea V\u1eba \u0110\u1eb8P KI\u00caU H\u00c3NH C\u1ee6A PHONG C\u00c1CH CUNG \u0110I\u1ec6N TRUNG \u0110\u00d4NG, GH\u1ebe SOFA DIVANO PALACE V\u1edaI \u0110I\u1ec2M NH\u1ea4N L\u00c0 TAY V\u1ecaN \u0110\u01af\u1ee2C \u0110I\u00caU KH\u1eaeC TINH X\u1ea2O, T\u1ea0O N\u00caN M\u1ed8T V\u1eba \u0110\u1eb8P \u0110\u1ed8C \u0110\u00c1O V\u00c0 SANG TR\u1eccNG TRONG KH\u00d4NG GIAN S\u1ed0NG.<\/p>\n","protected":false},"featured_media":13271,"template":"","meta":[],"product_cat":[747],"product_tag":[699],"origin":[770],"designers":[],"collection":[],"brands":[756],"class_list":{"0":"post-13409","1":"product","2":"type-product","3":"status-publish","4":"has-post-thumbnail","6":"product_cat-sofas-vi","7":"product_tag-bedroom-vi-2","8":"origin-european","9":"brands-elie-saab","11":"first","12":"instock","13":"shipping-taxable","14":"purchasable","15":"product-type-simple"},"_links":{"self":[{"href":"https:\/\/modale.com\/vi\/wp-json\/wp\/v2\/product\/13409","targetHints":{"allow":["GET"]}}],"collection":[{"href":"https:\/\/modale.com\/vi\/wp-json\/wp\/v2\/product"}],"about":[{"href":"https:\/\/modale.com\/vi\/wp-json\/wp\/v2\/types\/product"}],"wp:featuredmedia":[{"embeddable":true,"href":"https:\/\/modale.com\/vi\/wp-json\/wp\/v2\/media\/13271"}],"wp:attachment":[{"href":"https:\/\/modale.com\/vi\/wp-json\/wp\/v2\/media?parent=13409"}],"wp:term":[{"taxonomy":"product_cat","embeddable":true,"href":"https:\/\/modale.com\/vi\/wp-json\/wp\/v2\/product_cat?post=13409"},{"taxonomy":"product_tag","embeddable":true,"href":"https:\/\/modale.com\/vi\/wp-json\/wp\/v2\/product_tag?post=13409"},{"taxonomy":"origin","embeddable":true,"href":"https:\/\/modale.com\/vi\/wp-json\/wp\/v2\/origin?post=13409"},{"taxonomy":"designers","embeddable":true,"href":"https:\/\/modale.com\/vi\/wp-json\/wp\/v2\/designers?post=13409"},{"taxonomy":"collection","embeddable":true,"href":"https:\/\/modale.com\/vi\/wp-json\/wp\/v2\/collection?post=13409"},{"taxonomy":"brands","embeddable":true,"href":"https:\/\/modale.com\/vi\/wp-json\/wp\/v2\/brands?post=13409"}],"curies":[{"name":"wp","href":"https:\/\/api.w.org\/{rel}","templated":true}]}}