{"id":16047,"date":"2024-08-22T10:53:24","date_gmt":"2024-08-22T10:53:24","guid":{"rendered":"https:\/\/modale.com\/product\/epocaban-phu-narciso\/"},"modified":"2024-08-22T10:53:24","modified_gmt":"2024-08-22T10:53:24","slug":"epocaban-phu-narciso","status":"publish","type":"product","link":"https:\/\/modale.com\/vi\/product\/epocaban-phu-narciso\/","title":{"rendered":"<strong>EPOCA<\/strong><br>B\u00c0N PH\u1ee4 NARCISO"},"content":{"rendered":"<p>SIDE TABLE NARCISO HO\u00c0N H\u1ea2O \u0110\u1ec2 TR\u01afNG B\u00c0Y L\u1ecc HOA, CH\u1eacU C\u00c2Y, HO\u1eb6C KHUNG \u1ea2NH.<br \/>B\u00c0N \u0110I\u1ec2M NH\u1ea4N TINH T\u1ebe N\u00c0Y C\u00d3 M\u1ed8T CH\u00c2N V\u1edaI L\u1edaP PH\u1ee6 BRASS CH\u1ea2I X\u01af\u1edaC. M\u1eb6T G\u01af\u01a0NG VI\u1ec0N N\u00c2NG NH\u1eb8 GI\u00daP TR\u00c1NH \u0110\u1ed4, C\u00d9NG \u0110\u1ebe TR\u00d2N D\u00c0Y T\u1ea0O S\u1ef0 V\u1eeeNG CH\u1eaeC.   <\/p>\n","protected":false},"excerpt":{"rendered":"<p>SIDE TABLE NARCISO HO\u00c0N H\u1ea2O \u0110\u1ec2 TR\u01afNG B\u00c0Y L\u1ecc HOA, CH\u1eacU C\u00c2Y, HO\u1eb6C KHUNG \u1ea2NH.B\u00c0N \u0110I\u1ec2M NH\u1ea4N TINH T\u1ebe N\u00c0Y C\u00d3 M\u1ed8T CH\u00c2N V\u1edaI L\u1edaP PH\u1ee6 BRASS CH\u1ea2I X\u01af\u1edaC. M\u1eb6T G\u01af\u01a0NG VI\u1ec0N N\u00c2NG NH\u1eb8 GI\u00daP TR\u00c1NH \u0110\u1ed4, C\u00d9NG \u0110\u1ebe TR\u00d2N D\u00c0Y T\u1ea0O S\u1ef0 V\u1eeeNG CH\u1eaeC.<\/p>\n","protected":false},"featured_media":16042,"template":"","meta":[],"product_cat":[746],"product_tag":[703],"origin":[],"designers":[],"collection":[],"brands":[784],"class_list":{"0":"post-16047","1":"product","2":"type-product","3":"status-publish","4":"has-post-thumbnail","6":"product_cat-side-tables-vi","7":"product_tag-living-vi-2","8":"brands-alfaiate-dinteriores-epoca","10":"first","11":"instock","12":"shipping-taxable","13":"purchasable","14":"product-type-simple"},"_links":{"self":[{"href":"https:\/\/modale.com\/vi\/wp-json\/wp\/v2\/product\/16047","targetHints":{"allow":["GET"]}}],"collection":[{"href":"https:\/\/modale.com\/vi\/wp-json\/wp\/v2\/product"}],"about":[{"href":"https:\/\/modale.com\/vi\/wp-json\/wp\/v2\/types\/product"}],"wp:featuredmedia":[{"embeddable":true,"href":"https:\/\/modale.com\/vi\/wp-json\/wp\/v2\/media\/16042"}],"wp:attachment":[{"href":"https:\/\/modale.com\/vi\/wp-json\/wp\/v2\/media?parent=16047"}],"wp:term":[{"taxonomy":"product_cat","embeddable":true,"href":"https:\/\/modale.com\/vi\/wp-json\/wp\/v2\/product_cat?post=16047"},{"taxonomy":"product_tag","embeddable":true,"href":"https:\/\/modale.com\/vi\/wp-json\/wp\/v2\/product_tag?post=16047"},{"taxonomy":"origin","embeddable":true,"href":"https:\/\/modale.com\/vi\/wp-json\/wp\/v2\/origin?post=16047"},{"taxonomy":"designers","embeddable":true,"href":"https:\/\/modale.com\/vi\/wp-json\/wp\/v2\/designers?post=16047"},{"taxonomy":"collection","embeddable":true,"href":"https:\/\/modale.com\/vi\/wp-json\/wp\/v2\/collection?post=16047"},{"taxonomy":"brands","embeddable":true,"href":"https:\/\/modale.com\/vi\/wp-json\/wp\/v2\/brands?post=16047"}],"curies":[{"name":"wp","href":"https:\/\/api.w.org\/{rel}","templated":true}]}}