{"id":16568,"date":"2024-09-13T06:54:14","date_gmt":"2024-09-13T06:54:14","guid":{"rendered":"https:\/\/modale.com\/product\/culti-candle-in-silkscreened-satin-glass-esperide-270g\/"},"modified":"2024-09-17T07:32:39","modified_gmt":"2024-09-17T07:32:39","slug":"culti-candle-in-silkscreened-satin-glass-esperide-270g","status":"publish","type":"product","link":"https:\/\/modale.com\/vi\/product\/culti-candle-in-silkscreened-satin-glass-esperide-270g\/","title":{"rendered":"<strong>CULTI<\/strong><br> N\u1ebeN TH\u01a0M ESPERIDE  270G"},"content":{"rendered":"<p>D\u00d2NG H\u01af\u01a0NG: H\u01af\u01a0NG  CAM QU\u00ddT<br \/>\nN\u00c9T H\u01af\u01a0NG: H\u01af\u01a0NG CAM QU\u00ddT<br \/>\nC\u00c1C N\u1ed0T H\u01af\u01a0NG: QU\u1ea2 L\u00dd CHUA, QU\u00ddT, L\u00c1 TH\u01af\u1edcNG XU\u00c2N, HOA H\u1ed2NG, G\u1ed6 \u0110\u00c0N H\u01af\u01a0NG, X\u1ea0 H\u01af\u01a0NG<br \/>\nM\u00d9A: XU\u00c2N \/ H\u1ea0<br \/>\nKH\u00d4NG GIAN: PH\u00d2NG KH\u00c1CH, PH\u00d2NG L\u00c0M VI\u1ec6C, B\u1ebeP<\/p>\n","protected":false},"excerpt":{"rendered":"<p>D\u00d2NG H\u01af\u01a0NG: H\u01af\u01a0NG CAM QU\u00ddT N\u00c9T H\u01af\u01a0NG: H\u01af\u01a0NG CAM QU\u00ddT C\u00c1C N\u1ed0T H\u01af\u01a0NG: QU\u1ea2 L\u00dd CHUA, QU\u00ddT, L\u00c1 TH\u01af\u1edcNG XU\u00c2N, HOA H\u1ed2NG, G\u1ed6 \u0110\u00c0N H\u01af\u01a0NG, X\u1ea0 H\u01af\u01a0NG M\u00d9A: XU\u00c2N \/ H\u1ea0 KH\u00d4NG GIAN: PH\u00d2NG KH\u00c1CH, PH\u00d2NG L\u00c0M VI\u1ec6C, B\u1ebeP<\/p>\n","protected":false},"featured_media":16453,"template":"","meta":[],"product_cat":[818,765],"product_tag":[817],"origin":[753],"designers":[],"collection":[],"brands":[809],"class_list":{"0":"post-16568","1":"product","2":"type-product","3":"status-publish","4":"has-post-thumbnail","6":"product_cat-candles-vi","7":"product_cat-a-vi","8":"product_tag-home-decor-vi","9":"origin-italy","10":"brands-culti","12":"first","13":"instock","14":"shipping-taxable","15":"product-type-simple"},"_links":{"self":[{"href":"https:\/\/modale.com\/vi\/wp-json\/wp\/v2\/product\/16568","targetHints":{"allow":["GET"]}}],"collection":[{"href":"https:\/\/modale.com\/vi\/wp-json\/wp\/v2\/product"}],"about":[{"href":"https:\/\/modale.com\/vi\/wp-json\/wp\/v2\/types\/product"}],"wp:featuredmedia":[{"embeddable":true,"href":"https:\/\/modale.com\/vi\/wp-json\/wp\/v2\/media\/16453"}],"wp:attachment":[{"href":"https:\/\/modale.com\/vi\/wp-json\/wp\/v2\/media?parent=16568"}],"wp:term":[{"taxonomy":"product_cat","embeddable":true,"href":"https:\/\/modale.com\/vi\/wp-json\/wp\/v2\/product_cat?post=16568"},{"taxonomy":"product_tag","embeddable":true,"href":"https:\/\/modale.com\/vi\/wp-json\/wp\/v2\/product_tag?post=16568"},{"taxonomy":"origin","embeddable":true,"href":"https:\/\/modale.com\/vi\/wp-json\/wp\/v2\/origin?post=16568"},{"taxonomy":"designers","embeddable":true,"href":"https:\/\/modale.com\/vi\/wp-json\/wp\/v2\/designers?post=16568"},{"taxonomy":"collection","embeddable":true,"href":"https:\/\/modale.com\/vi\/wp-json\/wp\/v2\/collection?post=16568"},{"taxonomy":"brands","embeddable":true,"href":"https:\/\/modale.com\/vi\/wp-json\/wp\/v2\/brands?post=16568"}],"curies":[{"name":"wp","href":"https:\/\/api.w.org\/{rel}","templated":true}]}}