{"id":16569,"date":"2024-09-13T06:54:14","date_gmt":"2024-09-13T06:54:14","guid":{"rendered":"https:\/\/modale.com\/product\/culti-candle-in-silkscreened-satin-glass-fiqum-270g\/"},"modified":"2024-09-17T07:32:38","modified_gmt":"2024-09-17T07:32:38","slug":"culti-candle-in-silkscreened-satin-glass-fiqum-270g","status":"publish","type":"product","link":"https:\/\/modale.com\/vi\/product\/culti-candle-in-silkscreened-satin-glass-fiqum-270g\/","title":{"rendered":"<strong>CULTI<\/strong><br> N\u1ebeN TH\u01a0M FIQUM 270G"},"content":{"rendered":"<p>D\u00d2NG H\u01af\u01a0NG: H\u01af\u01a0NG  G\u1ed6<br \/>\nN\u00c9T H\u01af\u01a0NG: H\u01af\u01a0NG TR\u00c1I C\u00c2Y<br \/>\nC\u00c1C N\u1ed0T H\u01af\u01a0NG: BERGAMOT, NH\u00c0I, HOA CAM<br \/>\nM\u00d9A: XU\u00c2N \/ H\u1ea0<br \/>\nKH\u00d4NG GIAN: PH\u00d2NG KH\u00c1CH, PH\u00d2NG L\u00c0M VI\u1ec6C<\/p>\n","protected":false},"excerpt":{"rendered":"<p>D\u00d2NG H\u01af\u01a0NG: H\u01af\u01a0NG G\u1ed6 N\u00c9T H\u01af\u01a0NG: H\u01af\u01a0NG TR\u00c1I C\u00c2Y C\u00c1C N\u1ed0T H\u01af\u01a0NG: BERGAMOT, NH\u00c0I, HOA CAM M\u00d9A: XU\u00c2N \/ H\u1ea0 KH\u00d4NG GIAN: PH\u00d2NG KH\u00c1CH, PH\u00d2NG L\u00c0M VI\u1ec6C<\/p>\n","protected":false},"featured_media":16450,"template":"","meta":[],"product_cat":[818,765],"product_tag":[817],"origin":[753],"designers":[],"collection":[],"brands":[809],"class_list":{"0":"post-16569","1":"product","2":"type-product","3":"status-publish","4":"has-post-thumbnail","6":"product_cat-candles-vi","7":"product_cat-a-vi","8":"product_tag-home-decor-vi","9":"origin-italy","10":"brands-culti","12":"first","13":"instock","14":"shipping-taxable","15":"product-type-simple"},"_links":{"self":[{"href":"https:\/\/modale.com\/vi\/wp-json\/wp\/v2\/product\/16569","targetHints":{"allow":["GET"]}}],"collection":[{"href":"https:\/\/modale.com\/vi\/wp-json\/wp\/v2\/product"}],"about":[{"href":"https:\/\/modale.com\/vi\/wp-json\/wp\/v2\/types\/product"}],"wp:featuredmedia":[{"embeddable":true,"href":"https:\/\/modale.com\/vi\/wp-json\/wp\/v2\/media\/16450"}],"wp:attachment":[{"href":"https:\/\/modale.com\/vi\/wp-json\/wp\/v2\/media?parent=16569"}],"wp:term":[{"taxonomy":"product_cat","embeddable":true,"href":"https:\/\/modale.com\/vi\/wp-json\/wp\/v2\/product_cat?post=16569"},{"taxonomy":"product_tag","embeddable":true,"href":"https:\/\/modale.com\/vi\/wp-json\/wp\/v2\/product_tag?post=16569"},{"taxonomy":"origin","embeddable":true,"href":"https:\/\/modale.com\/vi\/wp-json\/wp\/v2\/origin?post=16569"},{"taxonomy":"designers","embeddable":true,"href":"https:\/\/modale.com\/vi\/wp-json\/wp\/v2\/designers?post=16569"},{"taxonomy":"collection","embeddable":true,"href":"https:\/\/modale.com\/vi\/wp-json\/wp\/v2\/collection?post=16569"},{"taxonomy":"brands","embeddable":true,"href":"https:\/\/modale.com\/vi\/wp-json\/wp\/v2\/brands?post=16569"}],"curies":[{"name":"wp","href":"https:\/\/api.w.org\/{rel}","templated":true}]}}