{"id":16580,"date":"2024-09-13T06:54:08","date_gmt":"2024-09-13T06:54:08","guid":{"rendered":"https:\/\/modale.com\/product\/culti-home-parfum-stile-colours-blue-w-rattan-sticks-mareminerl-250ml\/"},"modified":"2024-09-17T07:32:33","modified_gmt":"2024-09-17T07:32:33","slug":"culti-home-parfum-stile-colours-blue-w-rattan-sticks-mareminerl-250ml","status":"publish","type":"product","link":"https:\/\/modale.com\/vi\/product\/culti-home-parfum-stile-colours-blue-w-rattan-sticks-mareminerl-250ml\/","title":{"rendered":"<strong>CULTI<\/strong><br> TINH D\u1ea6U KHU\u1ebeCH T\u00c1N STILE CLASSIC M\u00c0U XANH D\u01af\u01a0NG MAREMINERL ( K\u00c8M V\u1edaI QUE M\u00c2Y KHU\u1ebeCH T\u00c1N TINH D\u1ea6U ) 250ML"},"content":{"rendered":"<p>D\u00d2NG H\u01af\u01a0NG: H\u01af\u01a0NG G\u1ed6<br \/>\nN\u00c9T H\u01af\u01a0NG: H\u1ecc CAM QU\u00ddT<br \/>\nC\u00c1C N\u1ed0T H\u01af\u01a0NG:  H\u01af\u01a0NG CAM \u0110\u1eaeNG, H\u01af\u01a0NG CHANH, HOA CAM NEROLI, G\u1eeaNG, NH\u1ef0A NH\u0168 H\u01af\u01a0NG  LENTISK, G\u1ed6 \u0110\u00c0N H\u01af\u01a0NG<br \/>\nM\u00d9A: XU\u00c2N \/ H\u1ea0<br \/>\nKH\u00d4NG GIAN: PH\u00d2NG KH\u00c1CH<\/p>\n","protected":false},"excerpt":{"rendered":"<p>D\u00d2NG H\u01af\u01a0NG: H\u01af\u01a0NG G\u1ed6 N\u00c9T H\u01af\u01a0NG: H\u1ecc CAM QU\u00ddT C\u00c1C N\u1ed0T H\u01af\u01a0NG: H\u01af\u01a0NG CAM \u0110\u1eaeNG, H\u01af\u01a0NG CHANH, HOA CAM NEROLI, G\u1eeaNG, NH\u1ef0A NH\u0168 H\u01af\u01a0NG LENTISK, G\u1ed6 \u0110\u00c0N H\u01af\u01a0NG M\u00d9A: XU\u00c2N \/ H\u1ea0 KH\u00d4NG GIAN: PH\u00d2NG KH\u00c1CH<\/p>\n","protected":false},"featured_media":16423,"template":"","meta":[],"product_cat":[765,819],"product_tag":[817],"origin":[753],"designers":[],"collection":[],"brands":[809],"class_list":{"0":"post-16580","1":"product","2":"type-product","3":"status-publish","4":"has-post-thumbnail","6":"product_cat-a-vi","7":"product_cat-diffusers-vi","8":"product_tag-home-decor-vi","9":"origin-italy","10":"brands-culti","12":"first","13":"instock","14":"shipping-taxable","15":"product-type-simple"},"_links":{"self":[{"href":"https:\/\/modale.com\/vi\/wp-json\/wp\/v2\/product\/16580","targetHints":{"allow":["GET"]}}],"collection":[{"href":"https:\/\/modale.com\/vi\/wp-json\/wp\/v2\/product"}],"about":[{"href":"https:\/\/modale.com\/vi\/wp-json\/wp\/v2\/types\/product"}],"wp:featuredmedia":[{"embeddable":true,"href":"https:\/\/modale.com\/vi\/wp-json\/wp\/v2\/media\/16423"}],"wp:attachment":[{"href":"https:\/\/modale.com\/vi\/wp-json\/wp\/v2\/media?parent=16580"}],"wp:term":[{"taxonomy":"product_cat","embeddable":true,"href":"https:\/\/modale.com\/vi\/wp-json\/wp\/v2\/product_cat?post=16580"},{"taxonomy":"product_tag","embeddable":true,"href":"https:\/\/modale.com\/vi\/wp-json\/wp\/v2\/product_tag?post=16580"},{"taxonomy":"origin","embeddable":true,"href":"https:\/\/modale.com\/vi\/wp-json\/wp\/v2\/origin?post=16580"},{"taxonomy":"designers","embeddable":true,"href":"https:\/\/modale.com\/vi\/wp-json\/wp\/v2\/designers?post=16580"},{"taxonomy":"collection","embeddable":true,"href":"https:\/\/modale.com\/vi\/wp-json\/wp\/v2\/collection?post=16580"},{"taxonomy":"brands","embeddable":true,"href":"https:\/\/modale.com\/vi\/wp-json\/wp\/v2\/brands?post=16580"}],"curies":[{"name":"wp","href":"https:\/\/api.w.org\/{rel}","templated":true}]}}