{"id":16589,"date":"2024-09-13T06:54:05","date_gmt":"2024-09-13T06:54:05","guid":{"rendered":"https:\/\/modale.com\/product\/culti-home-parfum-decor-classic-w-rattan-sticks-aramara-1000ml\/"},"modified":"2024-09-17T07:32:31","modified_gmt":"2024-09-17T07:32:31","slug":"culti-home-parfum-decor-classic-w-rattan-sticks-aramara-1000ml","status":"publish","type":"product","link":"https:\/\/modale.com\/vi\/product\/culti-home-parfum-decor-classic-w-rattan-sticks-aramara-1000ml\/","title":{"rendered":"<strong>CULTI<\/strong><br> TINH D\u1ea6U KHU\u1ebeCH T\u00c1N DECOR CLASSIC ( K\u00c8M V\u1edaI QUE M\u00c2Y KHU\u1ebeCH T\u00c1N TINH D\u1ea6U )  ARAMARA 1000ML"},"content":{"rendered":"<p>D\u00d2NG H\u01af\u01a0NG: H\u1ecc CAM QU\u00ddT<br \/>\nN\u00c9T H\u01af\u01a0NG: H\u01af\u01a0NG G\u00d5<br \/>\nC\u00c1C N\u1ed0T H\u01af\u01a0NG: CAM \u0110\u1eaeNG, CAM BERGAMOT, G\u1ed6 \u0110\u00c0N H\u01af\u01a0NG<br \/>\nM\u00d9A: XU\u00c2N \/ H\u1ea0<br \/>\nKH\u00d4NG GIAN: PH\u00d2NG KH\u00c1CH, NH\u00c0 B\u1ebeP, PH\u00d2NG L\u00c0M VI\u1ec6C<\/p>\n","protected":false},"excerpt":{"rendered":"<p>D\u00d2NG H\u01af\u01a0NG: H\u1ecc CAM QU\u00ddT N\u00c9T H\u01af\u01a0NG: H\u01af\u01a0NG G\u00d5 C\u00c1C N\u1ed0T H\u01af\u01a0NG: CAM \u0110\u1eaeNG, CAM BERGAMOT, G\u1ed6 \u0110\u00c0N H\u01af\u01a0NG M\u00d9A: XU\u00c2N \/ H\u1ea0 KH\u00d4NG GIAN: PH\u00d2NG KH\u00c1CH, NH\u00c0 B\u1ebeP, PH\u00d2NG L\u00c0M VI\u1ec6C<\/p>\n","protected":false},"featured_media":16390,"template":"","meta":[],"product_cat":[765,819],"product_tag":[817],"origin":[753],"designers":[],"collection":[],"brands":[809],"class_list":{"0":"post-16589","1":"product","2":"type-product","3":"status-publish","4":"has-post-thumbnail","6":"product_cat-a-vi","7":"product_cat-diffusers-vi","8":"product_tag-home-decor-vi","9":"origin-italy","10":"brands-culti","12":"first","13":"instock","14":"shipping-taxable","15":"product-type-simple"},"_links":{"self":[{"href":"https:\/\/modale.com\/vi\/wp-json\/wp\/v2\/product\/16589","targetHints":{"allow":["GET"]}}],"collection":[{"href":"https:\/\/modale.com\/vi\/wp-json\/wp\/v2\/product"}],"about":[{"href":"https:\/\/modale.com\/vi\/wp-json\/wp\/v2\/types\/product"}],"wp:featuredmedia":[{"embeddable":true,"href":"https:\/\/modale.com\/vi\/wp-json\/wp\/v2\/media\/16390"}],"wp:attachment":[{"href":"https:\/\/modale.com\/vi\/wp-json\/wp\/v2\/media?parent=16589"}],"wp:term":[{"taxonomy":"product_cat","embeddable":true,"href":"https:\/\/modale.com\/vi\/wp-json\/wp\/v2\/product_cat?post=16589"},{"taxonomy":"product_tag","embeddable":true,"href":"https:\/\/modale.com\/vi\/wp-json\/wp\/v2\/product_tag?post=16589"},{"taxonomy":"origin","embeddable":true,"href":"https:\/\/modale.com\/vi\/wp-json\/wp\/v2\/origin?post=16589"},{"taxonomy":"designers","embeddable":true,"href":"https:\/\/modale.com\/vi\/wp-json\/wp\/v2\/designers?post=16589"},{"taxonomy":"collection","embeddable":true,"href":"https:\/\/modale.com\/vi\/wp-json\/wp\/v2\/collection?post=16589"},{"taxonomy":"brands","embeddable":true,"href":"https:\/\/modale.com\/vi\/wp-json\/wp\/v2\/brands?post=16589"}],"curies":[{"name":"wp","href":"https:\/\/api.w.org\/{rel}","templated":true}]}}