{"id":17279,"date":"2024-09-18T11:58:50","date_gmt":"2024-09-18T11:58:50","guid":{"rendered":"https:\/\/modale.com\/product\/mortari-casa-costa-smeralda-armchair\/"},"modified":"2024-09-27T06:04:27","modified_gmt":"2024-09-27T06:04:27","slug":"mortari-casa-costa-smeralda-armchair","status":"publish","type":"product","link":"https:\/\/modale.com\/vi\/product\/mortari-casa-costa-smeralda-armchair\/","title":{"rendered":"<strong>MORTARI CASA<\/STRONG><br>GH\u1ebe B\u00c0NH COSTA SMARALDA"},"content":{"rendered":"<p>GH\u1ebe B\u00c0NH COSTA SMERALDA KHO\u00c1T L\u00caN M\u1ed8T PHONG C\u00c1CH TINH T\u1ebe, THANH L\u1ecaCH \u0110\u1ea6Y QUY\u1ebeN R\u0168, G\u1ee2I NH\u1eda \u0110\u1ebeN NH\u1eeeNG N\u00c9T \u0110\u1eb8P C\u1ee6A TH\u1eacP NI\u00caN 60 C\u1ed4 \u0110I\u1ec2N NH\u01afNG \u0110\u1ea6Y HOA L\u1ec6.  PH\u1ea6N B\u1eccC GH\u1ebe L\u00c0 S\u1ef0 K\u1ebeT H\u1ee2P \u0110\u1ed8C \u0110\u00c1O GI\u1eee C\u00c1C HOA V\u0102N V\u00c0 V\u1eacT LI\u1ec6U SANG TR\u1eccNG T\u1ea0O N\u00caN M\u1ed8T T\u00c1C PH\u1ea8M NGH\u1ec6 THU\u1eacT KH\u00d3 N\u01a0I N\u00c0O C\u00d3 \u0110\u01af\u1ee2C.<\/p>\n","protected":false},"excerpt":{"rendered":"<p>GH\u1ebe B\u00c0NH COSTA SMERALDA KHO\u00c1T L\u00caN M\u1ed8T PHONG C\u00c1CH TINH T\u1ebe, THANH L\u1ecaCH \u0110\u1ea6Y QUY\u1ebeN R\u0168, G\u1ee2I NH\u1eda \u0110\u1ebeN NH\u1eeeNG N\u00c9T \u0110\u1eb8P C\u1ee6A TH\u1eacP NI\u00caN 60 C\u1ed4 \u0110I\u1ec2N NH\u01afNG \u0110\u1ea6Y HOA L\u1ec6. PH\u1ea6N B\u1eccC GH\u1ebe L\u00c0 S\u1ef0 K\u1ebeT H\u1ee2P \u0110\u1ed8C \u0110\u00c1O GI\u1eee C\u00c1C HOA V\u0102N V\u00c0 V\u1eacT LI\u1ec6U SANG TR\u1eccNG T\u1ea0O N\u00caN M\u1ed8T T\u00c1C PH\u1ea8M [&hellip;]<\/p>\n","protected":false},"featured_media":17227,"template":"","meta":[],"product_cat":[724,765],"product_tag":[703],"origin":[753],"designers":[],"collection":[],"brands":[806],"class_list":{"0":"post-17279","1":"product","2":"type-product","3":"status-publish","4":"has-post-thumbnail","6":"product_cat-armchairs-vi","7":"product_cat-a-vi","8":"product_tag-living-vi-2","9":"origin-italy","10":"brands-mortari-casa","12":"first","13":"instock","14":"shipping-taxable","15":"product-type-simple"},"_links":{"self":[{"href":"https:\/\/modale.com\/vi\/wp-json\/wp\/v2\/product\/17279","targetHints":{"allow":["GET"]}}],"collection":[{"href":"https:\/\/modale.com\/vi\/wp-json\/wp\/v2\/product"}],"about":[{"href":"https:\/\/modale.com\/vi\/wp-json\/wp\/v2\/types\/product"}],"wp:featuredmedia":[{"embeddable":true,"href":"https:\/\/modale.com\/vi\/wp-json\/wp\/v2\/media\/17227"}],"wp:attachment":[{"href":"https:\/\/modale.com\/vi\/wp-json\/wp\/v2\/media?parent=17279"}],"wp:term":[{"taxonomy":"product_cat","embeddable":true,"href":"https:\/\/modale.com\/vi\/wp-json\/wp\/v2\/product_cat?post=17279"},{"taxonomy":"product_tag","embeddable":true,"href":"https:\/\/modale.com\/vi\/wp-json\/wp\/v2\/product_tag?post=17279"},{"taxonomy":"origin","embeddable":true,"href":"https:\/\/modale.com\/vi\/wp-json\/wp\/v2\/origin?post=17279"},{"taxonomy":"designers","embeddable":true,"href":"https:\/\/modale.com\/vi\/wp-json\/wp\/v2\/designers?post=17279"},{"taxonomy":"collection","embeddable":true,"href":"https:\/\/modale.com\/vi\/wp-json\/wp\/v2\/collection?post=17279"},{"taxonomy":"brands","embeddable":true,"href":"https:\/\/modale.com\/vi\/wp-json\/wp\/v2\/brands?post=17279"}],"curies":[{"name":"wp","href":"https:\/\/api.w.org\/{rel}","templated":true}]}}