{"id":17283,"date":"2024-09-18T10:35:41","date_gmt":"2024-09-18T10:35:41","guid":{"rendered":"https:\/\/modale.com\/product\/mortari-casa-mantova-cupboard\/"},"modified":"2024-09-27T06:04:27","modified_gmt":"2024-09-27T06:04:27","slug":"mortari-casa-mantova-cupboard","status":"publish","type":"product","link":"https:\/\/modale.com\/vi\/product\/mortari-casa-mantova-cupboard\/","title":{"rendered":"<strong>MORTARI CASA<\/STRONG><br>T\u1ee6 MANTOVA"},"content":{"rendered":"<p>T\u1ee6 MANTOVA V\u1edaI THI\u1ebeT K\u1ebe \u0110\u1ea6Y CU\u1ed0N H\u00daT V\u00c0 \u0110\u1ed8C \u0110\u00c1O, N\u1ed4I B\u1eacT V\u1edaI S\u1ef0 PH\u1ed0I H\u1ee2P TH\u00da V\u1eca GI\u1eeeA M\u00c0U S\u1eaeC V\u00c0 V\u1eacT LI\u1ec6U \u0110\u1ed8C \u0110\u00c1O, T\u1ea0O N\u00caN M\u1ed8T D\u1ea4U \u1ea4N RI\u00caNG BI\u1ec6T CHO KH\u00d4NG GIAN S\u1ed0NG.<\/p>\n","protected":false},"excerpt":{"rendered":"<p>T\u1ee6 MANTOVA V\u1edaI THI\u1ebeT K\u1ebe \u0110\u1ea6Y CU\u1ed0N H\u00daT V\u00c0 \u0110\u1ed8C \u0110\u00c1O, N\u1ed4I B\u1eacT V\u1edaI S\u1ef0 PH\u1ed0I H\u1ee2P TH\u00da V\u1eca GI\u1eeeA M\u00c0U S\u1eaeC V\u00c0 V\u1eacT LI\u1ec6U \u0110\u1ed8C \u0110\u00c1O, T\u1ea0O N\u00caN M\u1ed8T D\u1ea4U \u1ea4N RI\u00caNG BI\u1ec6T CHO KH\u00d4NG GIAN S\u1ed0NG.<\/p>\n","protected":false},"featured_media":17187,"template":"","meta":[],"product_cat":[765,729],"product_tag":[703],"origin":[753],"designers":[],"collection":[],"brands":[806],"class_list":{"0":"post-17283","1":"product","2":"type-product","3":"status-publish","4":"has-post-thumbnail","6":"product_cat-a-vi","7":"product_cat-cabinets-vi","8":"product_tag-living-vi-2","9":"origin-italy","10":"brands-mortari-casa","12":"first","13":"instock","14":"shipping-taxable","15":"product-type-simple"},"_links":{"self":[{"href":"https:\/\/modale.com\/vi\/wp-json\/wp\/v2\/product\/17283","targetHints":{"allow":["GET"]}}],"collection":[{"href":"https:\/\/modale.com\/vi\/wp-json\/wp\/v2\/product"}],"about":[{"href":"https:\/\/modale.com\/vi\/wp-json\/wp\/v2\/types\/product"}],"wp:featuredmedia":[{"embeddable":true,"href":"https:\/\/modale.com\/vi\/wp-json\/wp\/v2\/media\/17187"}],"wp:attachment":[{"href":"https:\/\/modale.com\/vi\/wp-json\/wp\/v2\/media?parent=17283"}],"wp:term":[{"taxonomy":"product_cat","embeddable":true,"href":"https:\/\/modale.com\/vi\/wp-json\/wp\/v2\/product_cat?post=17283"},{"taxonomy":"product_tag","embeddable":true,"href":"https:\/\/modale.com\/vi\/wp-json\/wp\/v2\/product_tag?post=17283"},{"taxonomy":"origin","embeddable":true,"href":"https:\/\/modale.com\/vi\/wp-json\/wp\/v2\/origin?post=17283"},{"taxonomy":"designers","embeddable":true,"href":"https:\/\/modale.com\/vi\/wp-json\/wp\/v2\/designers?post=17283"},{"taxonomy":"collection","embeddable":true,"href":"https:\/\/modale.com\/vi\/wp-json\/wp\/v2\/collection?post=17283"},{"taxonomy":"brands","embeddable":true,"href":"https:\/\/modale.com\/vi\/wp-json\/wp\/v2\/brands?post=17283"}],"curies":[{"name":"wp","href":"https:\/\/api.w.org\/{rel}","templated":true}]}}