{"id":17286,"date":"2024-09-18T08:36:35","date_gmt":"2024-09-18T08:36:35","guid":{"rendered":"https:\/\/modale.com\/product\/mortari-casa-cortina-dining-table\/"},"modified":"2024-09-27T06:04:26","modified_gmt":"2024-09-27T06:04:26","slug":"mortari-casa-cortina-dining-table","status":"publish","type":"product","link":"https:\/\/modale.com\/vi\/product\/mortari-casa-cortina-dining-table\/","title":{"rendered":"<strong>MORTARI CASA<\/STRONG><br>B\u00c0N \u0102N CORTINA"},"content":{"rendered":"<p>B\u00c0N \u0102N CORTINA L\u00c0 THI\u1ebeT K\u1ebe C\u1ee6A S\u1ef0 H\u00d2A H\u1ee2P TRONG M\u1eccI KH\u00d4NG GIAN S\u1ed0NG. PH\u1ea6N CH\u00c2N B\u00c0N V\u1edaI HO\u00c0N THI\u1ec6N KIM LO\u1ea0I NH\u01afNG MANG L\u1ea0I C\u1ea2M GI\u00c1C M\u1ec0M M\u1ea0I NH\u1eb8 NH\u00c0NG NH\u1edc V\u00c0O THI\u1ebeT K\u1ebe NH\u1eeeNG \u0110\u01af\u1edcNG CONG U\u1ed0N L\u01af\u1ee2NG \u0110EM \u0110\u1ebeN CHO M\u1ed8T M\u00c0N TR\u00ccNH DI\u1ec4N THANH L\u1ecaCH NH\u1ea4N M\u1ea0NH CH\u1ea4T L\u01af\u1ee2NG V\u00c0 PHONG C\u00c1CH S\u1ea2N PH\u1ea8M.<\/p>\n","protected":false},"excerpt":{"rendered":"<p>B\u00c0N \u0102N CORTINA L\u00c0 THI\u1ebeT K\u1ebe C\u1ee6A S\u1ef0 H\u00d2A H\u1ee2P TRONG M\u1eccI KH\u00d4NG GIAN S\u1ed0NG. PH\u1ea6N CH\u00c2N B\u00c0N V\u1edaI HO\u00c0N THI\u1ec6N KIM LO\u1ea0I NH\u01afNG MANG L\u1ea0I C\u1ea2M GI\u00c1C M\u1ec0M M\u1ea0I NH\u1eb8 NH\u00c0NG NH\u1edc V\u00c0O THI\u1ebeT K\u1ebe NH\u1eeeNG \u0110\u01af\u1edcNG CONG U\u1ed0N L\u01af\u1ee2NG \u0110EM \u0110\u1ebeN CHO M\u1ed8T M\u00c0N TR\u00ccNH DI\u1ec4N THANH L\u1ecaCH NH\u1ea4N M\u1ea0NH CH\u1ea4T L\u01af\u1ee2NG V\u00c0 [&hellip;]<\/p>\n","protected":false},"featured_media":17152,"template":"","meta":[],"product_cat":[737,765],"product_tag":[700],"origin":[753],"designers":[],"collection":[],"brands":[806],"class_list":{"0":"post-17286","1":"product","2":"type-product","3":"status-publish","4":"has-post-thumbnail","6":"product_cat-dining-tables-vi","7":"product_cat-a-vi","8":"product_tag-dining-vi-2","9":"origin-italy","10":"brands-mortari-casa","12":"first","13":"instock","14":"shipping-taxable","15":"product-type-simple"},"_links":{"self":[{"href":"https:\/\/modale.com\/vi\/wp-json\/wp\/v2\/product\/17286","targetHints":{"allow":["GET"]}}],"collection":[{"href":"https:\/\/modale.com\/vi\/wp-json\/wp\/v2\/product"}],"about":[{"href":"https:\/\/modale.com\/vi\/wp-json\/wp\/v2\/types\/product"}],"wp:featuredmedia":[{"embeddable":true,"href":"https:\/\/modale.com\/vi\/wp-json\/wp\/v2\/media\/17152"}],"wp:attachment":[{"href":"https:\/\/modale.com\/vi\/wp-json\/wp\/v2\/media?parent=17286"}],"wp:term":[{"taxonomy":"product_cat","embeddable":true,"href":"https:\/\/modale.com\/vi\/wp-json\/wp\/v2\/product_cat?post=17286"},{"taxonomy":"product_tag","embeddable":true,"href":"https:\/\/modale.com\/vi\/wp-json\/wp\/v2\/product_tag?post=17286"},{"taxonomy":"origin","embeddable":true,"href":"https:\/\/modale.com\/vi\/wp-json\/wp\/v2\/origin?post=17286"},{"taxonomy":"designers","embeddable":true,"href":"https:\/\/modale.com\/vi\/wp-json\/wp\/v2\/designers?post=17286"},{"taxonomy":"collection","embeddable":true,"href":"https:\/\/modale.com\/vi\/wp-json\/wp\/v2\/collection?post=17286"},{"taxonomy":"brands","embeddable":true,"href":"https:\/\/modale.com\/vi\/wp-json\/wp\/v2\/brands?post=17286"}],"curies":[{"name":"wp","href":"https:\/\/api.w.org\/{rel}","templated":true}]}}