{"id":17288,"date":"2024-09-18T08:34:16","date_gmt":"2024-09-18T08:34:16","guid":{"rendered":"https:\/\/modale.com\/product\/mortari-casa-bergamo-coffee-table-2335\/"},"modified":"2024-09-27T06:04:26","modified_gmt":"2024-09-27T06:04:26","slug":"mortari-casa-bergamo-coffee-table-2335","status":"publish","type":"product","link":"https:\/\/modale.com\/vi\/product\/mortari-casa-bergamo-coffee-table-2335\/","title":{"rendered":"<strong>MORTARI CASA<\/STRONG><br>B\u00c0N CAF\u00c9 BERGAMO"},"content":{"rendered":"<p>B\u00c0N CAFE BERGAMO L\u00c0 S\u1ef0 K\u1ebeT H\u1ee2P TINH T\u1ebe  V\u00c0 N\u00c2NG T\u1ea6M C\u00c1C CH\u1ea4T LI\u1ec6U KH\u00c1C NHAU V\u1edaI NH\u1eeeNG \u0110\u01af\u1edcNG N\u00c9T HO\u00c0N THI\u1ec6N THANH L\u1ecaCH. B\u1ece QUA KI\u1ec2U CH\u00c2N B\u00c0N TRUY\u1ec0N TH\u1ed0NG, S\u1ea2N PH\u1ea8M N\u1ed4I B\u1eacT V\u1edaI M\u1ed8T Y\u1ebeU T\u1ed0 K\u1ebeT N\u1ed0I DUY NH\u1ea4T, N\u00c2NG \u0110\u1ee0 M\u1ed8T M\u1eb6T B\u00c0N U\u1ed0N L\u01af\u1ee2N, QUY\u1ebeN R\u0168, G\u1ee2I L\u00caN H\u00ccNH \u1ea2NH TINH HOA C\u1ee6A M\u1ed8T H\u00d2N \u0110\u1ea2O .<\/p>\n","protected":false},"excerpt":{"rendered":"<p>B\u00c0N CAFE BERGAMO L\u00c0 S\u1ef0 K\u1ebeT H\u1ee2P TINH T\u1ebe V\u00c0 N\u00c2NG T\u1ea6M C\u00c1C CH\u1ea4T LI\u1ec6U KH\u00c1C NHAU V\u1edaI NH\u1eeeNG \u0110\u01af\u1edcNG N\u00c9T HO\u00c0N THI\u1ec6N THANH L\u1ecaCH. B\u1ece QUA KI\u1ec2U CH\u00c2N B\u00c0N TRUY\u1ec0N TH\u1ed0NG, S\u1ea2N PH\u1ea8M N\u1ed4I B\u1eacT V\u1edaI M\u1ed8T Y\u1ebeU T\u1ed0 K\u1ebeT N\u1ed0I DUY NH\u1ea4T, N\u00c2NG \u0110\u1ee0 M\u1ed8T M\u1eb6T B\u00c0N U\u1ed0N L\u01af\u1ee2N, QUY\u1ebeN R\u0168, G\u1ee2I L\u00caN [&hellip;]<\/p>\n","protected":false},"featured_media":17130,"template":"","meta":[],"product_cat":[734,765],"product_tag":[703],"origin":[753],"designers":[],"collection":[],"brands":[806],"class_list":{"0":"post-17288","1":"product","2":"type-product","3":"status-publish","4":"has-post-thumbnail","6":"product_cat-coffee-tables-vi","7":"product_cat-a-vi","8":"product_tag-living-vi-2","9":"origin-italy","10":"brands-mortari-casa","12":"first","13":"instock","14":"shipping-taxable","15":"product-type-simple"},"_links":{"self":[{"href":"https:\/\/modale.com\/vi\/wp-json\/wp\/v2\/product\/17288","targetHints":{"allow":["GET"]}}],"collection":[{"href":"https:\/\/modale.com\/vi\/wp-json\/wp\/v2\/product"}],"about":[{"href":"https:\/\/modale.com\/vi\/wp-json\/wp\/v2\/types\/product"}],"wp:featuredmedia":[{"embeddable":true,"href":"https:\/\/modale.com\/vi\/wp-json\/wp\/v2\/media\/17130"}],"wp:attachment":[{"href":"https:\/\/modale.com\/vi\/wp-json\/wp\/v2\/media?parent=17288"}],"wp:term":[{"taxonomy":"product_cat","embeddable":true,"href":"https:\/\/modale.com\/vi\/wp-json\/wp\/v2\/product_cat?post=17288"},{"taxonomy":"product_tag","embeddable":true,"href":"https:\/\/modale.com\/vi\/wp-json\/wp\/v2\/product_tag?post=17288"},{"taxonomy":"origin","embeddable":true,"href":"https:\/\/modale.com\/vi\/wp-json\/wp\/v2\/origin?post=17288"},{"taxonomy":"designers","embeddable":true,"href":"https:\/\/modale.com\/vi\/wp-json\/wp\/v2\/designers?post=17288"},{"taxonomy":"collection","embeddable":true,"href":"https:\/\/modale.com\/vi\/wp-json\/wp\/v2\/collection?post=17288"},{"taxonomy":"brands","embeddable":true,"href":"https:\/\/modale.com\/vi\/wp-json\/wp\/v2\/brands?post=17288"}],"curies":[{"name":"wp","href":"https:\/\/api.w.org\/{rel}","templated":true}]}}