{"id":17297,"date":"2024-09-18T07:31:34","date_gmt":"2024-09-18T07:31:34","guid":{"rendered":"https:\/\/modale.com\/product\/mortari-casa-venezia-armchair\/"},"modified":"2024-09-27T06:04:22","modified_gmt":"2024-09-27T06:04:22","slug":"mortari-casa-venezia-armchair","status":"publish","type":"product","link":"https:\/\/modale.com\/vi\/product\/mortari-casa-venezia-armchair\/","title":{"rendered":"<strong>MORTARI CASA<\/STRONG><br>GH\u1ebe B\u00c0NH VENEZIA"},"content":{"rendered":"<p>K\u1ebeT H\u1ee2P THI\u1ebeT K\u1ebe CH\u1eaeC CH\u1eaeN,  \u0110\u1ea6Y \u1ea4N T\u01af\u1ee2NG K\u1ebeT H\u1ee2P V\u1edaI S\u1ef0 THANH L\u1ecaCH NH\u1eb8 NH\u00c0NG, TINH T\u1ebe M\u00c0 M\u1ea0NH M\u1ebc. THI\u1ebeT K\u1ebe MANG T\u00cdNH H\u1ee2P L\u00dd, GI\u00daP \u0110EM L\u1ea0I S\u1ef0 THO\u1ea2I M\u00c1I V\u1edaI V\u1ece B\u1eccC HO\u00c0N TO\u00c0N C\u00d3 TH\u1ec2 TH\u00c1O R\u1edcI V\u00c0 PH\u1ea6N \u0110\u1ebe C\u00d9NG CH\u00c2N B\u00c0N \u0110\u01af\u1ee2C GI\u1ea4U \u0110I , \u0110EM \u0110\u1ebeN S\u1ef0 DUY\u00caN D\u00c1NG V\u00c0 TH\u1ee4C T\u1ebe TRONG CU\u1ed8C S\u1ed0NG.<\/p>\n","protected":false},"excerpt":{"rendered":"<p>K\u1ebeT H\u1ee2P THI\u1ebeT K\u1ebe CH\u1eaeC CH\u1eaeN, \u0110\u1ea6Y \u1ea4N T\u01af\u1ee2NG K\u1ebeT H\u1ee2P V\u1edaI S\u1ef0 THANH L\u1ecaCH NH\u1eb8 NH\u00c0NG, TINH T\u1ebe M\u00c0 M\u1ea0NH M\u1ebc. THI\u1ebeT K\u1ebe MANG T\u00cdNH H\u1ee2P L\u00dd, GI\u00daP \u0110EM L\u1ea0I S\u1ef0 THO\u1ea2I M\u00c1I V\u1edaI V\u1ece B\u1eccC HO\u00c0N TO\u00c0N C\u00d3 TH\u1ec2 TH\u00c1O R\u1edcI V\u00c0 PH\u1ea6N \u0110\u1ebe C\u00d9NG CH\u00c2N B\u00c0N \u0110\u01af\u1ee2C GI\u1ea4U \u0110I , \u0110EM \u0110\u1ebeN [&hellip;]<\/p>\n","protected":false},"featured_media":17007,"template":"","meta":[],"product_cat":[724,765],"product_tag":[703],"origin":[753],"designers":[],"collection":[],"brands":[806],"class_list":{"0":"post-17297","1":"product","2":"type-product","3":"status-publish","4":"has-post-thumbnail","6":"product_cat-armchairs-vi","7":"product_cat-a-vi","8":"product_tag-living-vi-2","9":"origin-italy","10":"brands-mortari-casa","12":"first","13":"instock","14":"shipping-taxable","15":"product-type-simple"},"_links":{"self":[{"href":"https:\/\/modale.com\/vi\/wp-json\/wp\/v2\/product\/17297","targetHints":{"allow":["GET"]}}],"collection":[{"href":"https:\/\/modale.com\/vi\/wp-json\/wp\/v2\/product"}],"about":[{"href":"https:\/\/modale.com\/vi\/wp-json\/wp\/v2\/types\/product"}],"wp:featuredmedia":[{"embeddable":true,"href":"https:\/\/modale.com\/vi\/wp-json\/wp\/v2\/media\/17007"}],"wp:attachment":[{"href":"https:\/\/modale.com\/vi\/wp-json\/wp\/v2\/media?parent=17297"}],"wp:term":[{"taxonomy":"product_cat","embeddable":true,"href":"https:\/\/modale.com\/vi\/wp-json\/wp\/v2\/product_cat?post=17297"},{"taxonomy":"product_tag","embeddable":true,"href":"https:\/\/modale.com\/vi\/wp-json\/wp\/v2\/product_tag?post=17297"},{"taxonomy":"origin","embeddable":true,"href":"https:\/\/modale.com\/vi\/wp-json\/wp\/v2\/origin?post=17297"},{"taxonomy":"designers","embeddable":true,"href":"https:\/\/modale.com\/vi\/wp-json\/wp\/v2\/designers?post=17297"},{"taxonomy":"collection","embeddable":true,"href":"https:\/\/modale.com\/vi\/wp-json\/wp\/v2\/collection?post=17297"},{"taxonomy":"brands","embeddable":true,"href":"https:\/\/modale.com\/vi\/wp-json\/wp\/v2\/brands?post=17297"}],"curies":[{"name":"wp","href":"https:\/\/api.w.org\/{rel}","templated":true}]}}