{"id":18040,"date":"2024-09-26T12:55:40","date_gmt":"2024-09-26T12:55:40","guid":{"rendered":"https:\/\/modale.com\/product\/ambientairscented-candle-glass-360g-forever-citrusshades-to\/"},"modified":"2024-09-27T06:09:34","modified_gmt":"2024-09-27T06:09:34","slug":"ambientairscented-candle-glass-360g-forever-citrusshades-to","status":"publish","type":"product","link":"https:\/\/modale.com\/vi\/product\/ambientairscented-candle-glass-360g-forever-citrusshades-to\/","title":{"rendered":"<strong>AMBIENTAIR<\/strong><br>H\u0168 N\u1ebeN TH\u01a0M TH\u1ee6Y TINH  360G FOREVER CITRUS &#038; SHADES TO"},"content":{"rendered":"<p>M\u00d9I H\u01af\u01a0NG \u201cCITRUS &#038; SHADES&#8221; B\u1eaeT \u0110\u1ea6U V\u1edaI H\u01af\u01a0NG B\u01af\u1edeI V\u00c0 V\u1ece CAM, L\u00c1 XANH V\u00c0 GIA V\u1eca NH\u1eb8 NH\u00c0NG. H\u01af\u01a0NG GI\u1eeeA L\u00c0 HOA H\u1ed2NG V\u00c0 NH\u00c0I, NH\u01af M\u1ed8T KHU V\u01af\u1edcN T\u1eceA H\u01af\u01a0NG N\u1ed2NG N\u00c0N. G\u1ed6 TUY\u1ebeT T\u00d9NG, G\u1ed6 \u0110\u00c0N H\u01af\u01a0NG V\u00c0 HO\u1eaeC H\u01af\u01a0NG T\u1ea0O N\u00caN M\u1ea2NG \u1ea4M \u00c1P, TRONG KHI H\u1ed4 PH\u00c1CH NG\u1eccT NG\u00c0O TH\u00caM S\u1ef0 B\u00cd \u1ea8N V\u00c0 QUY\u1ebeN R\u0168. \u201cCITRUS &#038; SHADES\u201d L\u00c0 M\u1ed8T B\u00c0I TH\u01a0 M\u01a0 M\u1ed8NG TRONG B\u1ed8 S\u01afU T\u1eacP OLFACTORY, N\u01a0I \u00c1NH S\u00c1NG V\u00c0 B\u00d3NG T\u1ed0I H\u00d2A QUY\u1ec6N TRONG M\u1ed6I L\u00c0N H\u01af\u01a0NG.<\/p>\n","protected":false},"excerpt":{"rendered":"<p>M\u00d9I H\u01af\u01a0NG \u201cCITRUS &#038; SHADES&#8221; B\u1eaeT \u0110\u1ea6U V\u1edaI H\u01af\u01a0NG B\u01af\u1edeI V\u00c0 V\u1ece CAM, L\u00c1 XANH V\u00c0 GIA V\u1eca NH\u1eb8 NH\u00c0NG. H\u01af\u01a0NG GI\u1eeeA L\u00c0 HOA H\u1ed2NG V\u00c0 NH\u00c0I, NH\u01af M\u1ed8T KHU V\u01af\u1edcN T\u1eceA H\u01af\u01a0NG N\u1ed2NG N\u00c0N. G\u1ed6 TUY\u1ebeT T\u00d9NG, G\u1ed6 \u0110\u00c0N H\u01af\u01a0NG V\u00c0 HO\u1eaeC H\u01af\u01a0NG T\u1ea0O N\u00caN M\u1ea2NG \u1ea4M \u00c1P, TRONG KHI H\u1ed4 PH\u00c1CH NG\u1eccT NG\u00c0O [&hellip;]<\/p>\n","protected":false},"featured_media":18033,"template":"","meta":[],"product_cat":[818,765],"product_tag":[817],"origin":[755],"designers":[],"collection":[],"brands":[823],"class_list":{"0":"post-18040","1":"product","2":"type-product","3":"status-publish","4":"has-post-thumbnail","6":"product_cat-candles-vi","7":"product_cat-a-vi","8":"product_tag-home-decor-vi","9":"origin-spain","10":"brands-ambientair","12":"first","13":"instock","14":"shipping-taxable","15":"product-type-simple"},"_links":{"self":[{"href":"https:\/\/modale.com\/vi\/wp-json\/wp\/v2\/product\/18040","targetHints":{"allow":["GET"]}}],"collection":[{"href":"https:\/\/modale.com\/vi\/wp-json\/wp\/v2\/product"}],"about":[{"href":"https:\/\/modale.com\/vi\/wp-json\/wp\/v2\/types\/product"}],"wp:featuredmedia":[{"embeddable":true,"href":"https:\/\/modale.com\/vi\/wp-json\/wp\/v2\/media\/18033"}],"wp:attachment":[{"href":"https:\/\/modale.com\/vi\/wp-json\/wp\/v2\/media?parent=18040"}],"wp:term":[{"taxonomy":"product_cat","embeddable":true,"href":"https:\/\/modale.com\/vi\/wp-json\/wp\/v2\/product_cat?post=18040"},{"taxonomy":"product_tag","embeddable":true,"href":"https:\/\/modale.com\/vi\/wp-json\/wp\/v2\/product_tag?post=18040"},{"taxonomy":"origin","embeddable":true,"href":"https:\/\/modale.com\/vi\/wp-json\/wp\/v2\/origin?post=18040"},{"taxonomy":"designers","embeddable":true,"href":"https:\/\/modale.com\/vi\/wp-json\/wp\/v2\/designers?post=18040"},{"taxonomy":"collection","embeddable":true,"href":"https:\/\/modale.com\/vi\/wp-json\/wp\/v2\/collection?post=18040"},{"taxonomy":"brands","embeddable":true,"href":"https:\/\/modale.com\/vi\/wp-json\/wp\/v2\/brands?post=18040"}],"curies":[{"name":"wp","href":"https:\/\/api.w.org\/{rel}","templated":true}]}}