{"id":18047,"date":"2024-09-26T12:52:18","date_gmt":"2024-09-26T12:52:18","guid":{"rendered":"https:\/\/modale.com\/product\/ambientairscented-candle-glass-360g-further-verbena-to\/"},"modified":"2024-09-27T06:09:32","modified_gmt":"2024-09-27T06:09:32","slug":"ambientairscented-candle-glass-360g-further-verbena-to","status":"publish","type":"product","link":"https:\/\/modale.com\/vi\/product\/ambientairscented-candle-glass-360g-further-verbena-to\/","title":{"rendered":"<strong>AMBIENTAIR<\/strong><br>H\u0168 N\u1ebeN TH\u01a0M TH\u1ee6Y TINH 360G FURTHER VERBENA TO"},"content":{"rendered":"<p>NGAY T\u1eea KHO\u1ea2NH KH\u1eaeC \u0110\u1ea6U TI\u00caN, H\u01af\u01a0NG CHANH V\u00c0 CAM QU\u00ddT S\u1ebc \u0110\u00c1NH TH\u1ee8C C\u00c1C GI\u00c1C QUAN V\u00c0 MANG B\u1ea0N \u0110\u1ebeN M\u1ed8T KHU V\u01af\u1edcN TR\u00c0N NG\u1eacP NH\u1eeeNG LO\u1ea0I TR\u00c1I C\u00c2Y T\u01af\u01a0I NGON NH\u01af M\u1ed8T L\u00c0N GI\u00d3 XU\u00c2N T\u01af\u01a0I M\u00c1T, TR\u00c0N \u0110\u1ea6Y S\u1ee8C S\u1ed0NG V\u00c0 N\u0102NG L\u01af\u1ee2NG,  . NH\u1eeeNG N\u1ed0T H\u01af\u01a0NG HOA V\u00c0 TR\u00c1I C\u00c2Y \u0110AN XEN TH\u00c0NH M\u1ed8T \u0110I\u1ec6U NH\u1ea2Y H\u00c0I H\u00d2A V\u00c0 QUY\u1ebeN R\u0168, NG\u1eccT NG\u00c0O V\u00c0 TINH T\u1ebe  T\u1ea0O N\u00caN M\u1ed8T H\u01af\u01a0NG TH\u01a0M BAO PH\u1ee6 KH\u00d4NG GIAN CU\u1ed0N TA V\u00c0O NI\u1ec0M VUI V\u00c0 S\u1ef0 THANH B\u00ccNH. M\u1ed8T CH\u00daT H\u01af\u01a0NG CAM TH\u00caM V\u00c0O MANG L\u1ea0I M\u1ed8T N\u1ed0T H\u01af\u01a0NG M\u1ec0M M\u1ea0I H\u01a0N, K\u1ef2 L\u1ea0 H\u01a0N V\u00c0 \u0110\u1ea6Y KH\u00c1M PH\u00c1. \u0110\u1ec2 HO\u00c0N THI\u1ec6N TR\u1ea2I NGHI\u1ec6M KH\u1ee8U GI\u00c1C N\u00c0Y, M\u00d9I X\u1ea0 H\u01af\u01a0NG GI\u00daP TH\u00caM V\u00c0O S\u1ef0 S\u00c2U L\u1eaeNG V\u00c0 B\u00cd \u1ea8N, \u0110\u00c1NH TH\u1ee8C T\u00c2M H\u1ed2N V\u00c0 TR\u00cd \u00d3C.<\/p>\n","protected":false},"excerpt":{"rendered":"<p>NGAY T\u1eea KHO\u1ea2NH KH\u1eaeC \u0110\u1ea6U TI\u00caN, H\u01af\u01a0NG CHANH V\u00c0 CAM QU\u00ddT S\u1ebc \u0110\u00c1NH TH\u1ee8C C\u00c1C GI\u00c1C QUAN V\u00c0 MANG B\u1ea0N \u0110\u1ebeN M\u1ed8T KHU V\u01af\u1edcN TR\u00c0N NG\u1eacP NH\u1eeeNG LO\u1ea0I TR\u00c1I C\u00c2Y T\u01af\u01a0I NGON NH\u01af M\u1ed8T L\u00c0N GI\u00d3 XU\u00c2N T\u01af\u01a0I M\u00c1T, TR\u00c0N \u0110\u1ea6Y S\u1ee8C S\u1ed0NG V\u00c0 N\u0102NG L\u01af\u1ee2NG, . NH\u1eeeNG N\u1ed0T H\u01af\u01a0NG HOA V\u00c0 TR\u00c1I C\u00c2Y \u0110AN [&hellip;]<\/p>\n","protected":false},"featured_media":17970,"template":"","meta":[],"product_cat":[818,765],"product_tag":[817],"origin":[755],"designers":[],"collection":[],"brands":[823],"class_list":{"0":"post-18047","1":"product","2":"type-product","3":"status-publish","4":"has-post-thumbnail","6":"product_cat-candles-vi","7":"product_cat-a-vi","8":"product_tag-home-decor-vi","9":"origin-spain","10":"brands-ambientair","12":"first","13":"instock","14":"shipping-taxable","15":"product-type-simple"},"_links":{"self":[{"href":"https:\/\/modale.com\/vi\/wp-json\/wp\/v2\/product\/18047","targetHints":{"allow":["GET"]}}],"collection":[{"href":"https:\/\/modale.com\/vi\/wp-json\/wp\/v2\/product"}],"about":[{"href":"https:\/\/modale.com\/vi\/wp-json\/wp\/v2\/types\/product"}],"wp:featuredmedia":[{"embeddable":true,"href":"https:\/\/modale.com\/vi\/wp-json\/wp\/v2\/media\/17970"}],"wp:attachment":[{"href":"https:\/\/modale.com\/vi\/wp-json\/wp\/v2\/media?parent=18047"}],"wp:term":[{"taxonomy":"product_cat","embeddable":true,"href":"https:\/\/modale.com\/vi\/wp-json\/wp\/v2\/product_cat?post=18047"},{"taxonomy":"product_tag","embeddable":true,"href":"https:\/\/modale.com\/vi\/wp-json\/wp\/v2\/product_tag?post=18047"},{"taxonomy":"origin","embeddable":true,"href":"https:\/\/modale.com\/vi\/wp-json\/wp\/v2\/origin?post=18047"},{"taxonomy":"designers","embeddable":true,"href":"https:\/\/modale.com\/vi\/wp-json\/wp\/v2\/designers?post=18047"},{"taxonomy":"collection","embeddable":true,"href":"https:\/\/modale.com\/vi\/wp-json\/wp\/v2\/collection?post=18047"},{"taxonomy":"brands","embeddable":true,"href":"https:\/\/modale.com\/vi\/wp-json\/wp\/v2\/brands?post=18047"}],"curies":[{"name":"wp","href":"https:\/\/api.w.org\/{rel}","templated":true}]}}