{"id":18054,"date":"2024-09-26T12:48:49","date_gmt":"2024-09-26T12:48:49","guid":{"rendered":"https:\/\/modale.com\/product\/ambientairscented-candle-glass-135g-grace-mint-tea-to\/"},"modified":"2024-09-27T06:09:30","modified_gmt":"2024-09-27T06:09:30","slug":"ambientairscented-candle-glass-135g-grace-mint-tea-to","status":"publish","type":"product","link":"https:\/\/modale.com\/vi\/product\/ambientairscented-candle-glass-135g-grace-mint-tea-to\/","title":{"rendered":"<strong>AMBIENTAIR<\/strong><br>H\u0168 N\u1ebeN TH\u01a0M TH\u1ee6Y TINH  135G GRACE MINT TEA TO"},"content":{"rendered":"<p> CU\u1ed8C D\u1ea0O B\u01af\u1edaC TRONG KHU V\u01af\u1edcN T\u01af\u01a0I M\u00c1T V\u00c0 NG\u00c1T H\u01af\u01a0NG, N\u01a0I NH\u1eeeNG N\u1ed0T H\u01af\u01a0NG TH\u1ea2O M\u1ed8C V\u00c0 H\u01af\u01a0NG C\u00c2Y C\u1ece XANH M\u01af\u1edaT H\u00d2A QUY\u1ec6N V\u1edaI NHAU T\u1ea0O N\u00caN C\u1ea2M GI\u00c1C B\u00ccNH Y\u00caN V\u00c0 H\u00c0I H\u00d2A. NGAY T\u1eea NH\u1eeeNG N\u1ed0T H\u01af\u01a0NG \u0110\u1ea6U TI\u00caN C\u1ee6A S\u1ef0 T\u01af\u01a0I M\u00c1T V\u00c0 S\u1ea2NG KHO\u00c1I C\u1ee6A B\u1ea0C H\u00c0 \u00c2U ( H\u00daNG L\u0168I ). S\u1ef0 HI\u1ec6N DI\u1ec6N C\u1ee6A H\u01af\u01a0NG TH\u01a0M C\u1ee6A L\u00c1 KHUYNH DI\u1ec6P MANG \u0110\u1ebeN C\u1ea2M GI\u00c1C T\u01af\u01a0I M\u1edaI V\u00c0 TR\u00c0N \u0110\u1ea6Y S\u1ee8C S\u1ed0NG CHO KH\u00d4NG GIAN, NH\u01af TH\u1ec2 \u0110\u01af\u1ee2C V\u00c2Y QUANH B\u1edeI NH\u1eeeNG CHI\u1ebeC L\u00c1 XANH T\u01af\u01a0I V\u00c0 \u0110\u1ed8C \u0110\u00c1O, T\u1ea0O N\u00caN M\u1ed8T B\u1ea6U KH\u00d4NG KH\u00cd TH\u01af GI\u00c3N V\u00c0 T\u0128NH L\u1eb6NG. H\u01af\u01a0NG TH\u01a0M \u0110\u1eacM \u0110\u00c0 C\u1ee6A G\u1eeaNG V\u00c0 \u0110INH H\u01af\u01a0NG \u0110EM \u0110\u1ebeN LU\u1ed2NG N\u0102NG L\u01af\u1ee2NG S\u1ed0NG D\u1ed2I D\u00c0O, \u0110\u1ea6Y S\u1ee8C S\u1ed0NG.<\/p>\n","protected":false},"excerpt":{"rendered":"<p>CU\u1ed8C D\u1ea0O B\u01af\u1edaC TRONG KHU V\u01af\u1edcN T\u01af\u01a0I M\u00c1T V\u00c0 NG\u00c1T H\u01af\u01a0NG, N\u01a0I NH\u1eeeNG N\u1ed0T H\u01af\u01a0NG TH\u1ea2O M\u1ed8C V\u00c0 H\u01af\u01a0NG C\u00c2Y C\u1ece XANH M\u01af\u1edaT H\u00d2A QUY\u1ec6N V\u1edaI NHAU T\u1ea0O N\u00caN C\u1ea2M GI\u00c1C B\u00ccNH Y\u00caN V\u00c0 H\u00c0I H\u00d2A. NGAY T\u1eea NH\u1eeeNG N\u1ed0T H\u01af\u01a0NG \u0110\u1ea6U TI\u00caN C\u1ee6A S\u1ef0 T\u01af\u01a0I M\u00c1T V\u00c0 S\u1ea2NG KHO\u00c1I C\u1ee6A B\u1ea0C H\u00c0 \u00c2U ( [&hellip;]<\/p>\n","protected":false},"featured_media":17907,"template":"","meta":[],"product_cat":[818,765],"product_tag":[817],"origin":[755],"designers":[],"collection":[],"brands":[823],"class_list":{"0":"post-18054","1":"product","2":"type-product","3":"status-publish","4":"has-post-thumbnail","6":"product_cat-candles-vi","7":"product_cat-a-vi","8":"product_tag-home-decor-vi","9":"origin-spain","10":"brands-ambientair","12":"first","13":"instock","14":"shipping-taxable","15":"product-type-simple"},"_links":{"self":[{"href":"https:\/\/modale.com\/vi\/wp-json\/wp\/v2\/product\/18054","targetHints":{"allow":["GET"]}}],"collection":[{"href":"https:\/\/modale.com\/vi\/wp-json\/wp\/v2\/product"}],"about":[{"href":"https:\/\/modale.com\/vi\/wp-json\/wp\/v2\/types\/product"}],"wp:featuredmedia":[{"embeddable":true,"href":"https:\/\/modale.com\/vi\/wp-json\/wp\/v2\/media\/17907"}],"wp:attachment":[{"href":"https:\/\/modale.com\/vi\/wp-json\/wp\/v2\/media?parent=18054"}],"wp:term":[{"taxonomy":"product_cat","embeddable":true,"href":"https:\/\/modale.com\/vi\/wp-json\/wp\/v2\/product_cat?post=18054"},{"taxonomy":"product_tag","embeddable":true,"href":"https:\/\/modale.com\/vi\/wp-json\/wp\/v2\/product_tag?post=18054"},{"taxonomy":"origin","embeddable":true,"href":"https:\/\/modale.com\/vi\/wp-json\/wp\/v2\/origin?post=18054"},{"taxonomy":"designers","embeddable":true,"href":"https:\/\/modale.com\/vi\/wp-json\/wp\/v2\/designers?post=18054"},{"taxonomy":"collection","embeddable":true,"href":"https:\/\/modale.com\/vi\/wp-json\/wp\/v2\/collection?post=18054"},{"taxonomy":"brands","embeddable":true,"href":"https:\/\/modale.com\/vi\/wp-json\/wp\/v2\/brands?post=18054"}],"curies":[{"name":"wp","href":"https:\/\/api.w.org\/{rel}","templated":true}]}}