{"id":18057,"date":"2024-09-26T12:47:21","date_gmt":"2024-09-26T12:47:21","guid":{"rendered":"https:\/\/modale.com\/product\/ambientairscented-candle-glass-135g-pause-cashmere-to\/"},"modified":"2024-09-27T06:09:29","modified_gmt":"2024-09-27T06:09:29","slug":"ambientairscented-candle-glass-135g-pause-cashmere-to","status":"publish","type":"product","link":"https:\/\/modale.com\/vi\/product\/ambientairscented-candle-glass-135g-pause-cashmere-to\/","title":{"rendered":"<strong>AMBIENTAIR<\/strong><br>H\u0168 N\u1ebeN TH\u01a0M TH\u1ee6Y TINH  135G PAUSE CASHMERE TO"},"content":{"rendered":"<p>NH\u01af M\u1ed8T KHO\u1ea2NH L\u1eb6NG \u0110\u1ec2 NGH\u1ec8 NG\u01a0I GI\u1eeeA NH\u1ecaP S\u1ed0NG H\u1ed0I H\u1ea2 H\u00c0NG NG\u00c0Y  \u0110\u01af\u1ee2C BAO B\u1eccC TRONG M\u1ed8T L\u00c0N GI\u00d3 C\u1ee6A H\u01af\u01a0NG HOA D\u1ecaU D\u00c0NG V\u00c0 T\u01af\u01a0I M\u00c1T. H\u01af\u01a0NG C\u1ece XANH V\u00c0 O\u1ea2I H\u01af\u01a0NG C\u1ee6A C\u00c1NH \u0110\u1ed2NG HOA D\u1ea0I, N\u01a0I KH\u00d4NG KH\u00cd TR\u00c0N NG\u1eacP H\u01af\u01a0NG TH\u01a0M NG\u1eccT NG\u00c0O V\u00c0 T\u01af\u01a0I M\u1edaI C\u1ee6A THI\u00caN NHI\u00caN. NH\u1eeeNG \u0110\u00c1O HOA XANH BI\u1ebeC LEN L\u00d5I NH\u1eeeNG NH\u00c0NH HOA DI\u00caN V\u0128 KI\u00caU K\u1ef2 V\u00c0 NH\u00c1NH HOA D\u00c0NH D\u00c0NH TINH KHI\u1ebeT MANG L\u1ea0I C\u1ea2M GI\u00c1C TINH T\u1ebe V\u00c0 THANH L\u1ecaCH, NH\u01af TH\u1ec2 B\u1ea0N \u0110ANG D\u1ea0O B\u01af\u1edaC TRONG M\u1ed8T KHU V\u01af\u1edcN B\u00cd M\u1eacT V\u1edaI H\u01af\u01a0NG TH\u01a0M \u0110\u1ea6Y TINH T\u1ebe, THANH KHI\u1ebeT. X\u1ea0 H\u01af\u01a0NG V\u00c0 H\u1ed4 PH\u00c1CH NH\u01af NH\u1eeeNG GI\u1eccT  M\u00c0U S\u1eaeC  T\u1ea0O N\u00caN S\u1ef0 S\u00c2U L\u1eaeNG V\u00c0 B\u00cd \u1ea8N CHO KH\u00d4NG GIAN, MANG L\u1ea0I C\u1ea2M GI\u00c1C NH\u1eb8 NH\u00c0NG V\u00c0 \u1ea4M \u00c1P, THO\u1ea2I M\u00c1I V\u00c0 B\u00ccNH Y\u00caN.<\/p>\n","protected":false},"excerpt":{"rendered":"<p>NH\u01af M\u1ed8T KHO\u1ea2NH L\u1eb6NG \u0110\u1ec2 NGH\u1ec8 NG\u01a0I GI\u1eeeA NH\u1ecaP S\u1ed0NG H\u1ed0I H\u1ea2 H\u00c0NG NG\u00c0Y \u0110\u01af\u1ee2C BAO B\u1eccC TRONG M\u1ed8T L\u00c0N GI\u00d3 C\u1ee6A H\u01af\u01a0NG HOA D\u1ecaU D\u00c0NG V\u00c0 T\u01af\u01a0I M\u00c1T. H\u01af\u01a0NG C\u1ece XANH V\u00c0 O\u1ea2I H\u01af\u01a0NG C\u1ee6A C\u00c1NH \u0110\u1ed2NG HOA D\u1ea0I, N\u01a0I KH\u00d4NG KH\u00cd TR\u00c0N NG\u1eacP H\u01af\u01a0NG TH\u01a0M NG\u1eccT NG\u00c0O V\u00c0 T\u01af\u01a0I M\u1edaI C\u1ee6A THI\u00caN NHI\u00caN. [&hellip;]<\/p>\n","protected":false},"featured_media":17880,"template":"","meta":[],"product_cat":[818,765],"product_tag":[817],"origin":[755],"designers":[],"collection":[],"brands":[823],"class_list":{"0":"post-18057","1":"product","2":"type-product","3":"status-publish","4":"has-post-thumbnail","6":"product_cat-candles-vi","7":"product_cat-a-vi","8":"product_tag-home-decor-vi","9":"origin-spain","10":"brands-ambientair","12":"first","13":"instock","14":"shipping-taxable","15":"product-type-simple"},"_links":{"self":[{"href":"https:\/\/modale.com\/vi\/wp-json\/wp\/v2\/product\/18057","targetHints":{"allow":["GET"]}}],"collection":[{"href":"https:\/\/modale.com\/vi\/wp-json\/wp\/v2\/product"}],"about":[{"href":"https:\/\/modale.com\/vi\/wp-json\/wp\/v2\/types\/product"}],"wp:featuredmedia":[{"embeddable":true,"href":"https:\/\/modale.com\/vi\/wp-json\/wp\/v2\/media\/17880"}],"wp:attachment":[{"href":"https:\/\/modale.com\/vi\/wp-json\/wp\/v2\/media?parent=18057"}],"wp:term":[{"taxonomy":"product_cat","embeddable":true,"href":"https:\/\/modale.com\/vi\/wp-json\/wp\/v2\/product_cat?post=18057"},{"taxonomy":"product_tag","embeddable":true,"href":"https:\/\/modale.com\/vi\/wp-json\/wp\/v2\/product_tag?post=18057"},{"taxonomy":"origin","embeddable":true,"href":"https:\/\/modale.com\/vi\/wp-json\/wp\/v2\/origin?post=18057"},{"taxonomy":"designers","embeddable":true,"href":"https:\/\/modale.com\/vi\/wp-json\/wp\/v2\/designers?post=18057"},{"taxonomy":"collection","embeddable":true,"href":"https:\/\/modale.com\/vi\/wp-json\/wp\/v2\/collection?post=18057"},{"taxonomy":"brands","embeddable":true,"href":"https:\/\/modale.com\/vi\/wp-json\/wp\/v2\/brands?post=18057"}],"curies":[{"name":"wp","href":"https:\/\/api.w.org\/{rel}","templated":true}]}}