{"id":18059,"date":"2024-09-26T12:46:24","date_gmt":"2024-09-26T12:46:24","guid":{"rendered":"https:\/\/modale.com\/product\/ambientairscented-candle-glass-135g-relax-white-musk-to\/"},"modified":"2024-09-27T06:09:26","modified_gmt":"2024-09-27T06:09:26","slug":"ambientairscented-candle-glass-135g-relax-white-musk-to","status":"publish","type":"product","link":"https:\/\/modale.com\/vi\/product\/ambientairscented-candle-glass-135g-relax-white-musk-to\/","title":{"rendered":"<strong>AMBIENTAIR<\/strong><br>H\u0168 N\u1ebeN TH\u01a0M TH\u1ee6Y TINH  135G RELAX WHITE MUSK TO"},"content":{"rendered":"<p>H\u01af\u01a0NG TH\u01a0M HOA C\u1ece  \u0110\u01afA CH\u00daNG TA \u0110\u1ebeN V\u1edaI M\u1ed8T KHU V\u01af\u1edcN \u0110\u1ea6Y HOA H\u1ed2NG V\u00c0 H\u00c0NG B\u1ea0CH HOA TINH KHI\u1ebeT, BAO PH\u1ee6 B\u1edeI L\u00c0N GI\u00d3 NH\u1eb8 C\u1ee6A CHANH, CAM BERGAMOT V\u00c0 CAM NG\u1eccT. H\u01af\u01a0NG TH\u01a0M C\u1ee6A HOA DI\u00caN V\u0128 V\u00c0 R\u00caU S\u1ebc CU\u1ed0N CH\u00daNG TA V\u00c0O M\u1ed8T TR\u1ea2I NGHI\u1ec6M KH\u1ee8U GI\u00c1C \u0110\u1ed8C \u0110\u00c1O, MANG L\u1ea0I C\u1ea2M GI\u00c1C B\u00ccNH Y\u00caN V\u00c0 TH\u01af GI\u00c3N CHO KH\u00d4NG GIAN S\u1ed0NG. N\u1ed0T H\u01af\u01a0NG CH\u1ea4M PH\u00c1 C\u1ee6A VANI V\u00c0 X\u1ea0 H\u01af\u01a0NG TR\u1eaeNG T\u1ea0O N\u00caN M\u1ed8T L\u1edaP N\u1ec0N M\u1ec0M M\u1ea0I, M\u1ecaN M\u00c0NG BAO PH\u1ee6 NH\u01af \u0110ANG TR\u00d4I N\u1ed4I TR\u00caN M\u1ed8T \u0110\u00c1M M\u00c2Y \u00caM \u00c1I, B\u1ed2NG B\u1ec0NH. <\/p>\n","protected":false},"excerpt":{"rendered":"<p>H\u01af\u01a0NG TH\u01a0M HOA C\u1ece \u0110\u01afA CH\u00daNG TA \u0110\u1ebeN V\u1edaI M\u1ed8T KHU V\u01af\u1edcN \u0110\u1ea6Y HOA H\u1ed2NG V\u00c0 H\u00c0NG B\u1ea0CH HOA TINH KHI\u1ebeT, BAO PH\u1ee6 B\u1edeI L\u00c0N GI\u00d3 NH\u1eb8 C\u1ee6A CHANH, CAM BERGAMOT V\u00c0 CAM NG\u1eccT. H\u01af\u01a0NG TH\u01a0M C\u1ee6A HOA DI\u00caN V\u0128 V\u00c0 R\u00caU S\u1ebc CU\u1ed0N CH\u00daNG TA V\u00c0O M\u1ed8T TR\u1ea2I NGHI\u1ec6M KH\u1ee8U GI\u00c1C \u0110\u1ed8C \u0110\u00c1O, MANG [&hellip;]<\/p>\n","protected":false},"featured_media":17862,"template":"","meta":[],"product_cat":[818,765],"product_tag":[817],"origin":[755],"designers":[],"collection":[],"brands":[823],"class_list":{"0":"post-18059","1":"product","2":"type-product","3":"status-publish","4":"has-post-thumbnail","6":"product_cat-candles-vi","7":"product_cat-a-vi","8":"product_tag-home-decor-vi","9":"origin-spain","10":"brands-ambientair","12":"first","13":"instock","14":"shipping-taxable","15":"product-type-simple"},"_links":{"self":[{"href":"https:\/\/modale.com\/vi\/wp-json\/wp\/v2\/product\/18059","targetHints":{"allow":["GET"]}}],"collection":[{"href":"https:\/\/modale.com\/vi\/wp-json\/wp\/v2\/product"}],"about":[{"href":"https:\/\/modale.com\/vi\/wp-json\/wp\/v2\/types\/product"}],"wp:featuredmedia":[{"embeddable":true,"href":"https:\/\/modale.com\/vi\/wp-json\/wp\/v2\/media\/17862"}],"wp:attachment":[{"href":"https:\/\/modale.com\/vi\/wp-json\/wp\/v2\/media?parent=18059"}],"wp:term":[{"taxonomy":"product_cat","embeddable":true,"href":"https:\/\/modale.com\/vi\/wp-json\/wp\/v2\/product_cat?post=18059"},{"taxonomy":"product_tag","embeddable":true,"href":"https:\/\/modale.com\/vi\/wp-json\/wp\/v2\/product_tag?post=18059"},{"taxonomy":"origin","embeddable":true,"href":"https:\/\/modale.com\/vi\/wp-json\/wp\/v2\/origin?post=18059"},{"taxonomy":"designers","embeddable":true,"href":"https:\/\/modale.com\/vi\/wp-json\/wp\/v2\/designers?post=18059"},{"taxonomy":"collection","embeddable":true,"href":"https:\/\/modale.com\/vi\/wp-json\/wp\/v2\/collection?post=18059"},{"taxonomy":"brands","embeddable":true,"href":"https:\/\/modale.com\/vi\/wp-json\/wp\/v2\/brands?post=18059"}],"curies":[{"name":"wp","href":"https:\/\/api.w.org\/{rel}","templated":true}]}}