{"id":18077,"date":"2024-09-26T12:37:01","date_gmt":"2024-09-26T12:37:01","guid":{"rendered":"https:\/\/modale.com\/product\/ambientairmikado-500ml-bright-orangecinnamon-to\/"},"modified":"2024-09-27T06:09:21","modified_gmt":"2024-09-27T06:09:21","slug":"ambientairmikado-500ml-bright-orangecinnamon-to","status":"publish","type":"product","link":"https:\/\/modale.com\/vi\/product\/ambientairmikado-500ml-bright-orangecinnamon-to\/","title":{"rendered":"<strong>AMBIENTAIR<\/strong><br>TINH D\u1ea6U KHU\u1ebeCH  T\u00c1N MIKADO 500ML BRIGHT ORANGE&#038;CINNAMON TO"},"content":{"rendered":"<p>M\u1ed8T H\u01af\u01a0NG TH\u01a0M LAN T\u1eceA NI\u1ec0M VUI V\u00c0 S\u1ee8C S\u1ed0NG, K\u1ebeT H\u1ee2P NH\u1eeeNG N\u1ed0T H\u01af\u01a0NG CAM QU\u00ddT V\u00c0 \u0110\u00d4NG PH\u01af\u01a0NG TRONG M\u1ed8T V\u0168 \u0110I\u1ec6U QUY\u1ebeN R\u0168. NGAY T\u1eea PH\u00daT GI\u00c2Y \u0110\u1ea6U TI\u00caN, B\u1ea0N C\u1ea2M NH\u1eacN \u0110\u01af\u1ee2C S\u1ef0 T\u01af\u01a0I M\u00c1T S\u1ee6I B\u1eccT C\u1ee6A CHANH V\u00c0 LIME, NH\u01af M\u1ed8T LU\u1ed2NG N\u0102NG L\u01af\u1ee2NG B\u00d9NG N\u1ed4 \u0110\u00c1NH TH\u1ee8C C\u00c1C GI\u00c1C QUAN V\u00c0 N\u00c2NG CAO T\u00c2M TR\u1ea0NG. H\u01af\u01a0NG HOA H\u1ed2NG K\u1ebeT H\u1ee2P V\u1edaI QU\u1ebe V\u00c0 CAM T\u1ea0O N\u00caN M\u1ed8T B\u1ea2N GIAO H\u01af\u1edeNG H\u01af\u01a0NG TH\u01a0M K\u1ef2 L\u1ea0. QU\u1ebe CAY N\u1ed2NG V\u00c0 S\u00d4I N\u1ed4I, TRONG KHI GIA V\u1eca V\u00c0 CAM CUNG C\u1ea4P M\u1ed8T S\u1eaeC TH\u00c1I NG\u1eccT NG\u00c0O V\u00c0 R\u1ef0C R\u1ee0. B\u1ea0C H\u00c0 TH\u00caM V\u00c0O M\u1ed8T C\u00c1I CH\u1ea0M S\u1ea2NG KHO\u00c1I V\u00c0 S\u1ed0NG \u0110\u1ed8NG HO\u00c0N THI\u1ec6N TR\u00c1I TIM C\u1ee6A H\u01af\u01a0NG TH\u01a0M N\u00c0Y. \u1ede N\u1ec0N, H\u01af\u01a0NG VANILLA V\u00c0 M\u1ed8T N\u1ed0T H\u01af\u01a0NG GOURMAND \u0110AN XEN T\u1ea0O N\u00caN M\u1ed8T C\u1ea2M GI\u00c1C NG\u1eccT NG\u00c0O V\u00c0 D\u1ec4 CH\u1ecaU BAO TR\u00d9M TO\u00c0N B\u1ed8 H\u01af\u01a0NG TH\u01a0M.<\/p>\n","protected":false},"excerpt":{"rendered":"<p>M\u1ed8T H\u01af\u01a0NG TH\u01a0M LAN T\u1eceA NI\u1ec0M VUI V\u00c0 S\u1ee8C S\u1ed0NG, K\u1ebeT H\u1ee2P NH\u1eeeNG N\u1ed0T H\u01af\u01a0NG CAM QU\u00ddT V\u00c0 \u0110\u00d4NG PH\u01af\u01a0NG TRONG M\u1ed8T V\u0168 \u0110I\u1ec6U QUY\u1ebeN R\u0168. NGAY T\u1eea PH\u00daT GI\u00c2Y \u0110\u1ea6U TI\u00caN, B\u1ea0N C\u1ea2M NH\u1eacN \u0110\u01af\u1ee2C S\u1ef0 T\u01af\u01a0I M\u00c1T S\u1ee6I B\u1eccT C\u1ee6A CHANH V\u00c0 LIME, NH\u01af M\u1ed8T LU\u1ed2NG N\u0102NG L\u01af\u1ee2NG B\u00d9NG N\u1ed4 \u0110\u00c1NH TH\u1ee8C C\u00c1C [&hellip;]<\/p>\n","protected":false},"featured_media":17718,"template":"","meta":[],"product_cat":[765,819],"product_tag":[817],"origin":[755],"designers":[],"collection":[],"brands":[823],"class_list":{"0":"post-18077","1":"product","2":"type-product","3":"status-publish","4":"has-post-thumbnail","6":"product_cat-a-vi","7":"product_cat-diffusers-vi","8":"product_tag-home-decor-vi","9":"origin-spain","10":"brands-ambientair","12":"first","13":"instock","14":"shipping-taxable","15":"product-type-simple"},"_links":{"self":[{"href":"https:\/\/modale.com\/vi\/wp-json\/wp\/v2\/product\/18077","targetHints":{"allow":["GET"]}}],"collection":[{"href":"https:\/\/modale.com\/vi\/wp-json\/wp\/v2\/product"}],"about":[{"href":"https:\/\/modale.com\/vi\/wp-json\/wp\/v2\/types\/product"}],"wp:featuredmedia":[{"embeddable":true,"href":"https:\/\/modale.com\/vi\/wp-json\/wp\/v2\/media\/17718"}],"wp:attachment":[{"href":"https:\/\/modale.com\/vi\/wp-json\/wp\/v2\/media?parent=18077"}],"wp:term":[{"taxonomy":"product_cat","embeddable":true,"href":"https:\/\/modale.com\/vi\/wp-json\/wp\/v2\/product_cat?post=18077"},{"taxonomy":"product_tag","embeddable":true,"href":"https:\/\/modale.com\/vi\/wp-json\/wp\/v2\/product_tag?post=18077"},{"taxonomy":"origin","embeddable":true,"href":"https:\/\/modale.com\/vi\/wp-json\/wp\/v2\/origin?post=18077"},{"taxonomy":"designers","embeddable":true,"href":"https:\/\/modale.com\/vi\/wp-json\/wp\/v2\/designers?post=18077"},{"taxonomy":"collection","embeddable":true,"href":"https:\/\/modale.com\/vi\/wp-json\/wp\/v2\/collection?post=18077"},{"taxonomy":"brands","embeddable":true,"href":"https:\/\/modale.com\/vi\/wp-json\/wp\/v2\/brands?post=18077"}],"curies":[{"name":"wp","href":"https:\/\/api.w.org\/{rel}","templated":true}]}}